{"id":105,"date":"2023-09-27T16:30:09","date_gmt":"2023-09-27T14:30:09","guid":{"rendered":"https:\/\/gtloc.fr\/?page_id=105"},"modified":"2023-11-02T16:05:16","modified_gmt":"2023-11-02T15:05:16","slug":"qui-sommes-nous","status":"publish","type":"page","link":"https:\/\/gtloc.fr\/index.php\/qui-sommes-nous\/","title":{"rendered":"Qui sommes nous"},"content":{"rendered":"\t\t<div data-elementor-type=\"wp-page\" data-elementor-id=\"105\" class=\"elementor elementor-105\" data-elementor-post-type=\"page\">\n\t\t\t\t<div class=\"elementor-element elementor-element-376cf63 e-flex e-con-boxed e-con e-parent\" data-id=\"376cf63\" data-element_type=\"container\">\n\t\t\t\t\t<div class=\"e-con-inner\">\n\t\t\t\t<div class=\"elementor-element elementor-element-54bdffc elementor-widget elementor-widget-heading\" data-id=\"54bdffc\" data-element_type=\"widget\" data-widget_type=\"heading.default\">\n\t\t\t\t<div class=\"elementor-widget-container\">\n\t\t\t\t\t<h2 class=\"elementor-heading-title elementor-size-default\">Au service de vos besoins<\/h2>\t\t\t\t<\/div>\n\t\t\t\t<\/div>\n\t\t\t\t<div class=\"elementor-element elementor-element-df6d79e elementor-widget elementor-widget-text-editor\" data-id=\"df6d79e\" data-element_type=\"widget\" data-widget_type=\"text-editor.default\">\n\t\t\t\t<div class=\"elementor-widget-container\">\n\t\t\t\t\t\t\t\t\t<div id=\"comp-llmeducf\" class=\"KQmfd2\"><div id=\"text-content-comp-llmeducf\" class=\"KcpHeO tz5f0K comp-llmeducf wixui-rich-text\" data-testid=\"richTextElement\"><div id=\"comp-llp47c6f\" class=\"KQmfd2\"><div id=\"text-content-comp-llp47c6f\" class=\"KcpHeO tz5f0K comp-llp47c6f wixui-rich-text\" data-testid=\"richTextElement\"><p><strong>GT LOC garantit la location de mat\u00e9riel r\u00e9cent<\/strong>\u00a0: Vous b\u00e9n\u00e9ficierez de mat\u00e9riels et d\u2019engins BTP de toute derni\u00e8re g\u00e9n\u00e9ration adapt\u00e9s au mieux \u00e0 vos besoins.<\/p><p>Tout mat\u00e9riel lou\u00e9 est fourni avec le plein de carburant et doit \u00eatre rendu comme tel, en bon \u00e9tat, et nettoy\u00e9.<\/p><\/div><\/div><\/div><\/div>\t\t\t\t\t\t\t\t<\/div>\n\t\t\t\t<\/div>\n\t\t\t\t<div class=\"elementor-element elementor-element-003f620 elementor-widget elementor-widget-heading\" data-id=\"003f620\" data-element_type=\"widget\" data-widget_type=\"heading.default\">\n\t\t\t\t<div class=\"elementor-widget-container\">\n\t\t\t\t\t<h3 class=\"elementor-heading-title elementor-size-default\">La qualit\u00e9 de service de GT Loc :<\/h3>\t\t\t\t<\/div>\n\t\t\t\t<\/div>\n\t\t\t\t\t<\/div>\n\t\t\t\t<\/div>\n\t\t<div class=\"elementor-element elementor-element-945a3a8 e-flex e-con-boxed e-con e-parent\" data-id=\"945a3a8\" data-element_type=\"container\">\n\t\t\t\t\t<div class=\"e-con-inner\">\n\t\t<div class=\"elementor-element elementor-element-301b1e8 e-flex e-con-boxed e-con e-child\" data-id=\"301b1e8\" data-element_type=\"container\">\n\t\t\t\t\t<div class=\"e-con-inner\">\n\t\t<div class=\"elementor-element elementor-element-461d34a e-flex e-con-boxed e-con e-child\" data-id=\"461d34a\" data-element_type=\"container\">\n\t\t\t\t\t<div class=\"e-con-inner\">\n\t\t\t\t<div class=\"elementor-element elementor-element-f899b81 elementor-view-default elementor-position-top elementor-mobile-position-top elementor-widget elementor-widget-icon-box\" data-id=\"f899b81\" data-element_type=\"widget\" data-widget_type=\"icon-box.default\">\n\t\t\t\t<div class=\"elementor-widget-container\">\n\t\t\t\t\t\t\t<div class=\"elementor-icon-box-wrapper\">\n\n\t\t\t\t\t\t<div class=\"elementor-icon-box-icon\">\n\t\t\t\t<span  class=\"elementor-icon\">\n\t\t\t\t<i aria-hidden=\"true\" class=\"far fa-user\"><\/i>\t\t\t\t<\/span>\n\t\t\t<\/div>\n\t\t\t\n\t\t\t\t\t\t<div class=\"elementor-icon-box-content\">\n\n\t\t\t\t\t\t\t\t\t<h3 class=\"elementor-icon-box-title\">\n\t\t\t\t\t\t<span  >\n\t\t\t\t\t\t\tUne \u00e9quipe de 20 personnes\t\t\t\t\t\t<\/span>\n\t\t\t\t\t<\/h3>\n\t\t\t\t\n\t\t\t\t\t\t\t\t\t<p class=\"elementor-icon-box-description\">\n\t\t\t\t\t\tAfin de garantir une qualit\u00e9 de service irr\u00e9prochable, de la prise de contact \u00e0 la mise en main du mat\u00e9riel.\t\t\t\t\t<\/p>\n\t\t\t\t\n\t\t\t<\/div>\n\t\t\t\n\t\t<\/div>\n\t\t\t\t\t\t<\/div>\n\t\t\t\t<\/div>\n\t\t\t\t\t<\/div>\n\t\t\t\t<\/div>\n\t\t<div class=\"elementor-element elementor-element-12ff129 e-flex e-con-boxed e-con e-child\" data-id=\"12ff129\" data-element_type=\"container\">\n\t\t\t\t\t<div class=\"e-con-inner\">\n\t\t\t\t<div class=\"elementor-element elementor-element-de22e35 elementor-view-default elementor-position-top elementor-mobile-position-top elementor-widget elementor-widget-icon-box\" data-id=\"de22e35\" data-element_type=\"widget\" data-widget_type=\"icon-box.default\">\n\t\t\t\t<div class=\"elementor-widget-container\">\n\t\t\t\t\t\t\t<div class=\"elementor-icon-box-wrapper\">\n\n\t\t\t\t\t\t<div class=\"elementor-icon-box-icon\">\n\t\t\t\t<span  class=\"elementor-icon\">\n\t\t\t\t<i aria-hidden=\"true\" class=\"far fa-check-square\"><\/i>\t\t\t\t<\/span>\n\t\t\t<\/div>\n\t\t\t\n\t\t\t\t\t\t<div class=\"elementor-icon-box-content\">\n\n\t\t\t\t\t\t\t\t\t<h3 class=\"elementor-icon-box-title\">\n\t\t\t\t\t\t<span  >\n\t\t\t\t\t\t\tFiabilit\u00e9 du mat\u00e9riel\t\t\t\t\t\t<\/span>\n\t\t\t\t\t<\/h3>\n\t\t\t\t\n\t\t\t\t\t\t\t\t\t<p class=\"elementor-icon-box-description\">\n\t\t\t\t\t\tLe mat\u00e9riel est contr\u00f4l\u00e9 apr\u00e8s chaque utilisation et conforme aux normes et aux r\u00e9glementations en vigueur.\t\t\t\t\t<\/p>\n\t\t\t\t\n\t\t\t<\/div>\n\t\t\t\n\t\t<\/div>\n\t\t\t\t\t\t<\/div>\n\t\t\t\t<\/div>\n\t\t\t\t\t<\/div>\n\t\t\t\t<\/div>\n\t\t<div class=\"elementor-element elementor-element-7cb28cf e-flex e-con-boxed e-con e-child\" data-id=\"7cb28cf\" data-element_type=\"container\">\n\t\t\t\t\t<div class=\"e-con-inner\">\n\t\t\t\t<div class=\"elementor-element elementor-element-1f6eb4c elementor-view-default elementor-position-top elementor-mobile-position-top elementor-widget elementor-widget-icon-box\" data-id=\"1f6eb4c\" data-element_type=\"widget\" data-widget_type=\"icon-box.default\">\n\t\t\t\t<div class=\"elementor-widget-container\">\n\t\t\t\t\t\t\t<div class=\"elementor-icon-box-wrapper\">\n\n\t\t\t\t\t\t<div class=\"elementor-icon-box-icon\">\n\t\t\t\t<span  class=\"elementor-icon\">\n\t\t\t\t<i aria-hidden=\"true\" class=\"fas fa-truck\"><\/i>\t\t\t\t<\/span>\n\t\t\t<\/div>\n\t\t\t\n\t\t\t\t\t\t<div class=\"elementor-icon-box-content\">\n\n\t\t\t\t\t\t\t\t\t<h3 class=\"elementor-icon-box-title\">\n\t\t\t\t\t\t<span  >\n\t\t\t\t\t\t\tTransport du mat\u00e9riel\t\t\t\t\t\t<\/span>\n\t\t\t\t\t<\/h3>\n\t\t\t\t\n\t\t\t\t\t\t\t\t\t<p class=\"elementor-icon-box-description\">\n\t\t\t\t\t\tLivraison et reprise du mat\u00e9riel en temps voulu. (Consultation des prix en agence).\n\t\t\t\t\t<\/p>\n\t\t\t\t\n\t\t\t<\/div>\n\t\t\t\n\t\t<\/div>\n\t\t\t\t\t\t<\/div>\n\t\t\t\t<\/div>\n\t\t\t\t\t<\/div>\n\t\t\t\t<\/div>\n\t\t\t\t\t<\/div>\n\t\t\t\t<\/div>\n\t\t\t\t\t<\/div>\n\t\t\t\t<\/div>\n\t\t<div class=\"elementor-element elementor-element-269dc73 e-flex e-con-boxed e-con e-parent\" data-id=\"269dc73\" data-element_type=\"container\">\n\t\t\t\t\t<div class=\"e-con-inner\">\n\t\t<div class=\"elementor-element elementor-element-8f535f8 e-flex e-con-boxed e-con e-child\" data-id=\"8f535f8\" data-element_type=\"container\">\n\t\t\t\t\t<div class=\"e-con-inner\">\n\t\t<div class=\"elementor-element elementor-element-5f4ebbe e-flex e-con-boxed e-con e-child\" data-id=\"5f4ebbe\" data-element_type=\"container\">\n\t\t\t\t\t<div class=\"e-con-inner\">\n\t\t\t\t<div class=\"elementor-element elementor-element-f63c8a4 elementor-view-default elementor-position-top elementor-mobile-position-top elementor-widget elementor-widget-icon-box\" data-id=\"f63c8a4\" data-element_type=\"widget\" data-widget_type=\"icon-box.default\">\n\t\t\t\t<div class=\"elementor-widget-container\">\n\t\t\t\t\t\t\t<div class=\"elementor-icon-box-wrapper\">\n\n\t\t\t\t\t\t<div class=\"elementor-icon-box-icon\">\n\t\t\t\t<span  class=\"elementor-icon\">\n\t\t\t\t<i aria-hidden=\"true\" class=\"far fa-handshake\"><\/i>\t\t\t\t<\/span>\n\t\t\t<\/div>\n\t\t\t\n\t\t\t\t\t\t<div class=\"elementor-icon-box-content\">\n\n\t\t\t\t\t\t\t\t\t<h3 class=\"elementor-icon-box-title\">\n\t\t\t\t\t\t<span  >\n\t\t\t\t\t\t\tD\u00e9pannage\t\t\t\t\t\t<\/span>\n\t\t\t\t\t<\/h3>\n\t\t\t\t\n\t\t\t\t\t\t\t\t\t<p class=\"elementor-icon-box-description\">\n\t\t\t\t\t\tPour \u00e9viter la perte de temps sur vos chantiers en cas de panne, un m\u00e9canicien qualifi\u00e9 intervient dans les meilleurs d\u00e9lais.\t\t\t\t\t<\/p>\n\t\t\t\t\n\t\t\t<\/div>\n\t\t\t\n\t\t<\/div>\n\t\t\t\t\t\t<\/div>\n\t\t\t\t<\/div>\n\t\t\t\t\t<\/div>\n\t\t\t\t<\/div>\n\t\t<div class=\"elementor-element elementor-element-f7214cb e-flex e-con-boxed e-con e-child\" data-id=\"f7214cb\" data-element_type=\"container\">\n\t\t\t\t\t<div class=\"e-con-inner\">\n\t\t\t\t<div class=\"elementor-element elementor-element-4114508 elementor-view-default elementor-position-top elementor-mobile-position-top elementor-widget elementor-widget-icon-box\" data-id=\"4114508\" data-element_type=\"widget\" data-widget_type=\"icon-box.default\">\n\t\t\t\t<div class=\"elementor-widget-container\">\n\t\t\t\t\t\t\t<div class=\"elementor-icon-box-wrapper\">\n\n\t\t\t\t\t\t<div class=\"elementor-icon-box-icon\">\n\t\t\t\t<span  class=\"elementor-icon\">\n\t\t\t\t<i aria-hidden=\"true\" class=\"fas fa-shield-alt\"><\/i>\t\t\t\t<\/span>\n\t\t\t<\/div>\n\t\t\t\n\t\t\t\t\t\t<div class=\"elementor-icon-box-content\">\n\n\t\t\t\t\t\t\t\t\t<h3 class=\"elementor-icon-box-title\">\n\t\t\t\t\t\t<span  >\n\t\t\t\t\t\t\tAssurance\t\t\t\t\t\t<\/span>\n\t\t\t\t\t<\/h3>\n\t\t\t\t\n\t\t\t\t\t\t\t\t\t<p class=\"elementor-icon-box-description\">\n\t\t\t\t\t\tLe montant de l'assurance correspond \u00e0 9 % du montant HT pour tous les mat\u00e9riels.\t\t\t\t\t<\/p>\n\t\t\t\t\n\t\t\t<\/div>\n\t\t\t\n\t\t<\/div>\n\t\t\t\t\t\t<\/div>\n\t\t\t\t<\/div>\n\t\t\t\t\t<\/div>\n\t\t\t\t<\/div>\n\t\t<div class=\"elementor-element elementor-element-42213fe e-flex e-con-boxed e-con e-child\" data-id=\"42213fe\" data-element_type=\"container\">\n\t\t\t\t\t<div class=\"e-con-inner\">\n\t\t\t\t<div class=\"elementor-element elementor-element-c2fa5f8 elementor-view-default elementor-position-top elementor-mobile-position-top elementor-widget elementor-widget-icon-box\" data-id=\"c2fa5f8\" data-element_type=\"widget\" data-widget_type=\"icon-box.default\">\n\t\t\t\t<div class=\"elementor-widget-container\">\n\t\t\t\t\t\t\t<div class=\"elementor-icon-box-wrapper\">\n\n\t\t\t\t\t\t<div class=\"elementor-icon-box-icon\">\n\t\t\t\t<span  class=\"elementor-icon\">\n\t\t\t\t<i aria-hidden=\"true\" class=\"fas fa-user-check\"><\/i>\t\t\t\t<\/span>\n\t\t\t<\/div>\n\t\t\t\n\t\t\t\t\t\t<div class=\"elementor-icon-box-content\">\n\n\t\t\t\t\t\t\t\t\t<h3 class=\"elementor-icon-box-title\">\n\t\t\t\t\t\t<span  >\n\t\t\t\t\t\t\tVersement de garantie\t\t\t\t\t\t<\/span>\n\t\t\t\t\t<\/h3>\n\t\t\t\t\n\t\t\t\t\t\t\t\t\t<p class=\"elementor-icon-box-description\">\n\t\t\t\t\t\tUn ch\u00e8que de caution est demand\u00e9 pour les clients n\u2019\u00e9tant pas en compte chez nous, le montant diff\u00e8re selon la classification du mat\u00e9riel demand\u00e9.\t\t\t\t\t<\/p>\n\t\t\t\t\n\t\t\t<\/div>\n\t\t\t\n\t\t<\/div>\n\t\t\t\t\t\t<\/div>\n\t\t\t\t<\/div>\n\t\t\t\t\t<\/div>\n\t\t\t\t<\/div>\n\t\t\t\t\t<\/div>\n\t\t\t\t<\/div>\n\t\t\t\t\t<\/div>\n\t\t\t\t<\/div>\n\t\t<div class=\"elementor-element elementor-element-20d5d1b e-flex e-con-boxed e-con e-parent\" data-id=\"20d5d1b\" data-element_type=\"container\" data-settings=\"{&quot;background_background&quot;:&quot;classic&quot;}\">\n\t\t\t\t\t<div class=\"e-con-inner\">\n\t\t<div class=\"elementor-element elementor-element-e7354e3 e-flex e-con-boxed e-con e-child\" data-id=\"e7354e3\" data-element_type=\"container\">\n\t\t\t\t\t<div class=\"e-con-inner\">\n\t\t<div class=\"elementor-element elementor-element-cd6ebb7 e-flex e-con-boxed e-con e-child\" data-id=\"cd6ebb7\" data-element_type=\"container\">\n\t\t\t\t\t<div class=\"e-con-inner\">\n\t\t\t\t\t<\/div>\n\t\t\t\t<\/div>\n\t\t<div class=\"elementor-element elementor-element-e76e4ae e-flex e-con-boxed e-con e-child\" data-id=\"e76e4ae\" data-element_type=\"container\" data-settings=\"{&quot;background_background&quot;:&quot;classic&quot;}\">\n\t\t\t\t\t<div class=\"e-con-inner\">\n\t\t\t\t<div class=\"elementor-element elementor-element-1e71fe2 elementor-widget elementor-widget-text-editor\" data-id=\"1e71fe2\" data-element_type=\"widget\" data-widget_type=\"text-editor.default\">\n\t\t\t\t<div class=\"elementor-widget-container\">\n\t\t\t\t\t\t\t\t\t<div id=\"comp-llmeducf\" class=\"KQmfd2\"><div id=\"text-content-comp-llmeducf\" class=\"KcpHeO tz5f0K comp-llmeducf wixui-rich-text\" data-testid=\"richTextElement\"><div id=\"comp-llp47c6f\" class=\"KQmfd2\"><div id=\"text-content-comp-llp47c6f\" class=\"KcpHeO tz5f0K comp-llp47c6f wixui-rich-text\" data-testid=\"richTextElement\"><div class=\"rte\"><p>Retrouvez l\u2019ensemble de nos produits disponibles \u00e0 la vente dans la cat\u00e9gorie \u00ab\u00a0vente de mat\u00e9riel\u00a0\u00bb\u00a0<\/p><\/div><\/div><\/div><\/div><\/div>\t\t\t\t\t\t\t\t<\/div>\n\t\t\t\t<\/div>\n\t\t\t\t<div class=\"elementor-element elementor-element-fcb4de0 elementor-align-center elementor-widget elementor-widget-button\" data-id=\"fcb4de0\" data-element_type=\"widget\" data-widget_type=\"button.default\">\n\t\t\t\t<div class=\"elementor-widget-container\">\n\t\t\t\t\t\t\t\t\t<div class=\"elementor-button-wrapper\">\n\t\t\t\t\t<a class=\"elementor-button elementor-button-link elementor-size-sm elementor-animation-grow\" href=\"https:\/\/www.gt-mat.fr\/\" target=\"_blank\">\n\t\t\t\t\t\t<span class=\"elementor-button-content-wrapper\">\n\t\t\t\t\t\t\t\t\t<span class=\"elementor-button-text\">Voir nos produits \u00e0 la vente<\/span>\n\t\t\t\t\t<\/span>\n\t\t\t\t\t<\/a>\n\t\t\t\t<\/div>\n\t\t\t\t\t\t\t\t<\/div>\n\t\t\t\t<\/div>\n\t\t<div class=\"elementor-element elementor-element-342401a e-flex e-con-boxed e-con e-child\" data-id=\"342401a\" data-element_type=\"container\">\n\t\t\t\t\t<div class=\"e-con-inner\">\n\t\t\t\t<div class=\"elementor-element elementor-element-0fccc37 elementor-widget-divider--view-line elementor-widget elementor-widget-divider\" data-id=\"0fccc37\" data-element_type=\"widget\" data-widget_type=\"divider.default\">\n\t\t\t\t<div class=\"elementor-widget-container\">\n\t\t\t\t\t\t\t<div class=\"elementor-divider\">\n\t\t\t<span class=\"elementor-divider-separator\">\n\t\t\t\t\t\t<\/span>\n\t\t<\/div>\n\t\t\t\t\t\t<\/div>\n\t\t\t\t<\/div>\n\t\t\t\t<div class=\"elementor-element elementor-element-115845b elementor-widget elementor-widget-text-editor\" data-id=\"115845b\" data-element_type=\"widget\" data-widget_type=\"text-editor.default\">\n\t\t\t\t<div class=\"elementor-widget-container\">\n\t\t\t\t\t\t\t\t\t<div id=\"comp-llmeducf\" class=\"KQmfd2\"><div id=\"text-content-comp-llmeducf\" class=\"KcpHeO tz5f0K comp-llmeducf wixui-rich-text\" data-testid=\"richTextElement\"><div id=\"comp-llp47c6f\" class=\"KQmfd2\"><div id=\"text-content-comp-llp47c6f\" class=\"KcpHeO tz5f0K comp-llp47c6f wixui-rich-text\" data-testid=\"richTextElement\"><p>D\u00e9couvrez notre catalogue de location de mat\u00e9riel<\/p><\/div><\/div><\/div><\/div>\t\t\t\t\t\t\t\t<\/div>\n\t\t\t\t<\/div>\n\t\t\t\t<div class=\"elementor-element elementor-element-ecfbd99 elementor-align-center elementor-widget elementor-widget-button\" data-id=\"ecfbd99\" data-element_type=\"widget\" data-widget_type=\"button.default\">\n\t\t\t\t<div class=\"elementor-widget-container\">\n\t\t\t\t\t\t\t\t\t<div class=\"elementor-button-wrapper\">\n\t\t\t\t\t<a class=\"elementor-button elementor-button-link elementor-size-sm elementor-animation-grow\" href=\"https:\/\/gtloc.fr\/index.php\/catalogue\/\">\n\t\t\t\t\t\t<span class=\"elementor-button-content-wrapper\">\n\t\t\t\t\t\t\t\t\t<span class=\"elementor-button-text\">D\u00e9couvrir le catalogue<\/span>\n\t\t\t\t\t<\/span>\n\t\t\t\t\t<\/a>\n\t\t\t\t<\/div>\n\t\t\t\t\t\t\t\t<\/div>\n\t\t\t\t<\/div>\n\t\t\t\t\t<\/div>\n\t\t\t\t<\/div>\n\t\t\t\t\t<\/div>\n\t\t\t\t<\/div>\n\t\t\t\t\t<\/div>\n\t\t\t\t<\/div>\n\t\t\t\t\t<\/div>\n\t\t\t\t<\/div>\n\t\t\t\t<\/div>\n\t\t","protected":false},"excerpt":{"rendered":"<p>Au service de vos besoins GT LOC garantit la location de mat\u00e9riel r\u00e9cent\u00a0: Vous b\u00e9n\u00e9ficierez de mat\u00e9riels et d\u2019engins BTP de toute derni\u00e8re g\u00e9n\u00e9ration adapt\u00e9s au mieux \u00e0 vos besoins. Tout mat\u00e9riel lou\u00e9 est fourni avec le plein de carburant et doit \u00eatre rendu comme tel, en bon \u00e9tat, et nettoy\u00e9. La qualit\u00e9 de service [&hellip;]<\/p>\n","protected":false},"author":1,"featured_media":0,"parent":0,"menu_order":0,"comment_status":"closed","ping_status":"closed","template":"","meta":{"_acf_changed":false,"footnotes":""},"class_list":["post-105","page","type-page","status-publish","hentry"],"acf":[],"yoast_head":"<!-- This site is optimized with the Yoast SEO plugin v27.5 - https:\/\/yoast.com\/product\/yoast-seo-wordpress\/ -->\n<title>Qui sommes nous - gtloc<\/title>\n<meta name=\"robots\" content=\"index, follow, max-snippet:-1, max-image-preview:large, max-video-preview:-1\" \/>\n<link rel=\"canonical\" href=\"https:\/\/gtloc.fr\/index.php\/qui-sommes-nous\/\" \/>\n<meta property=\"og:locale\" content=\"fr_FR\" \/>\n<meta property=\"og:type\" content=\"article\" \/>\n<meta property=\"og:title\" content=\"Qui sommes nous - gtloc\" \/>\n<meta property=\"og:description\" content=\"Au service de vos besoins GT LOC garantit la location de mat\u00e9riel r\u00e9cent\u00a0: Vous b\u00e9n\u00e9ficierez de mat\u00e9riels et d\u2019engins BTP de toute derni\u00e8re g\u00e9n\u00e9ration adapt\u00e9s au mieux \u00e0 vos besoins. Tout mat\u00e9riel lou\u00e9 est fourni avec le plein de carburant et doit \u00eatre rendu comme tel, en bon \u00e9tat, et nettoy\u00e9. La qualit\u00e9 de service [&hellip;]\" \/>\n<meta property=\"og:url\" content=\"https:\/\/gtloc.fr\/index.php\/qui-sommes-nous\/\" \/>\n<meta property=\"og:site_name\" content=\"gtloc\" \/>\n<meta property=\"article:modified_time\" content=\"2023-11-02T15:05:16+00:00\" \/>\n<meta property=\"og:image\" content=\"https:\/\/gtloc.fr\/wp-content\/uploads\/2023\/11\/9c999aca-f70a-4257-94b2-3a15ba64a99b.jpg\" \/>\n\t<meta property=\"og:image:width\" content=\"1600\" \/>\n\t<meta property=\"og:image:height\" content=\"900\" \/>\n\t<meta property=\"og:image:type\" content=\"image\/jpeg\" \/>\n<meta name=\"twitter:card\" content=\"summary_large_image\" \/>\n<meta name=\"twitter:label1\" content=\"Dur\u00e9e de lecture estim\u00e9e\" \/>\n\t<meta name=\"twitter:data1\" content=\"1 minute\" \/>\n<script type=\"application\/ld+json\" class=\"yoast-schema-graph\">{\"@context\":\"https:\\\/\\\/schema.org\",\"@graph\":[{\"@type\":\"WebPage\",\"@id\":\"https:\\\/\\\/gtloc.fr\\\/index.php\\\/qui-sommes-nous\\\/\",\"url\":\"https:\\\/\\\/gtloc.fr\\\/index.php\\\/qui-sommes-nous\\\/\",\"name\":\"Qui sommes nous - gtloc\",\"isPartOf\":{\"@id\":\"https:\\\/\\\/gtloc.fr\\\/#website\"},\"datePublished\":\"2023-09-27T14:30:09+00:00\",\"dateModified\":\"2023-11-02T15:05:16+00:00\",\"breadcrumb\":{\"@id\":\"https:\\\/\\\/gtloc.fr\\\/index.php\\\/qui-sommes-nous\\\/#breadcrumb\"},\"inLanguage\":\"fr-FR\",\"potentialAction\":[{\"@type\":\"ReadAction\",\"target\":[\"https:\\\/\\\/gtloc.fr\\\/index.php\\\/qui-sommes-nous\\\/\"]}]},{\"@type\":\"BreadcrumbList\",\"@id\":\"https:\\\/\\\/gtloc.fr\\\/index.php\\\/qui-sommes-nous\\\/#breadcrumb\",\"itemListElement\":[{\"@type\":\"ListItem\",\"position\":1,\"name\":\"Accueil\",\"item\":\"https:\\\/\\\/gtloc.fr\\\/\"},{\"@type\":\"ListItem\",\"position\":2,\"name\":\"Qui sommes nous\"}]},{\"@type\":\"WebSite\",\"@id\":\"https:\\\/\\\/gtloc.fr\\\/#website\",\"url\":\"https:\\\/\\\/gtloc.fr\\\/\",\"name\":\"gtloc\",\"description\":\"\",\"publisher\":{\"@id\":\"https:\\\/\\\/gtloc.fr\\\/#organization\"},\"potentialAction\":[{\"@type\":\"SearchAction\",\"target\":{\"@type\":\"EntryPoint\",\"urlTemplate\":\"https:\\\/\\\/gtloc.fr\\\/?s={search_term_string}\"},\"query-input\":{\"@type\":\"PropertyValueSpecification\",\"valueRequired\":true,\"valueName\":\"search_term_string\"}}],\"inLanguage\":\"fr-FR\"},{\"@type\":\"Organization\",\"@id\":\"https:\\\/\\\/gtloc.fr\\\/#organization\",\"name\":\"gtloc\",\"url\":\"https:\\\/\\\/gtloc.fr\\\/\",\"logo\":{\"@type\":\"ImageObject\",\"inLanguage\":\"fr-FR\",\"@id\":\"https:\\\/\\\/gtloc.fr\\\/#\\\/schema\\\/logo\\\/image\\\/\",\"url\":\"https:\\\/\\\/gtloc.fr\\\/wp-content\\\/uploads\\\/2023\\\/09\\\/GT-Loc_logo_long-01-1-sans-fond.png\",\"contentUrl\":\"https:\\\/\\\/gtloc.fr\\\/wp-content\\\/uploads\\\/2023\\\/09\\\/GT-Loc_logo_long-01-1-sans-fond.png\",\"width\":6193,\"height\":2953,\"caption\":\"gtloc\"},\"image\":{\"@id\":\"https:\\\/\\\/gtloc.fr\\\/#\\\/schema\\\/logo\\\/image\\\/\"}}]}<\/script>\n<!-- \/ Yoast SEO plugin. -->","yoast_head_json":{"title":"Qui sommes nous - gtloc","robots":{"index":"index","follow":"follow","max-snippet":"max-snippet:-1","max-image-preview":"max-image-preview:large","max-video-preview":"max-video-preview:-1"},"canonical":"https:\/\/gtloc.fr\/index.php\/qui-sommes-nous\/","og_locale":"fr_FR","og_type":"article","og_title":"Qui sommes nous - gtloc","og_description":"Au service de vos besoins GT LOC garantit la location de mat\u00e9riel r\u00e9cent\u00a0: Vous b\u00e9n\u00e9ficierez de mat\u00e9riels et d\u2019engins BTP de toute derni\u00e8re g\u00e9n\u00e9ration adapt\u00e9s au mieux \u00e0 vos besoins. Tout mat\u00e9riel lou\u00e9 est fourni avec le plein de carburant et doit \u00eatre rendu comme tel, en bon \u00e9tat, et nettoy\u00e9. La qualit\u00e9 de service [&hellip;]","og_url":"https:\/\/gtloc.fr\/index.php\/qui-sommes-nous\/","og_site_name":"gtloc","article_modified_time":"2023-11-02T15:05:16+00:00","og_image":[{"width":1600,"height":900,"url":"https:\/\/gtloc.fr\/wp-content\/uploads\/2023\/11\/9c999aca-f70a-4257-94b2-3a15ba64a99b.jpg","type":"image\/jpeg"}],"twitter_card":"summary_large_image","twitter_misc":{"Dur\u00e9e de lecture estim\u00e9e":"1 minute"},"schema":{"@context":"https:\/\/schema.org","@graph":[{"@type":"WebPage","@id":"https:\/\/gtloc.fr\/index.php\/qui-sommes-nous\/","url":"https:\/\/gtloc.fr\/index.php\/qui-sommes-nous\/","name":"Qui sommes nous - gtloc","isPartOf":{"@id":"https:\/\/gtloc.fr\/#website"},"datePublished":"2023-09-27T14:30:09+00:00","dateModified":"2023-11-02T15:05:16+00:00","breadcrumb":{"@id":"https:\/\/gtloc.fr\/index.php\/qui-sommes-nous\/#breadcrumb"},"inLanguage":"fr-FR","potentialAction":[{"@type":"ReadAction","target":["https:\/\/gtloc.fr\/index.php\/qui-sommes-nous\/"]}]},{"@type":"BreadcrumbList","@id":"https:\/\/gtloc.fr\/index.php\/qui-sommes-nous\/#breadcrumb","itemListElement":[{"@type":"ListItem","position":1,"name":"Accueil","item":"https:\/\/gtloc.fr\/"},{"@type":"ListItem","position":2,"name":"Qui sommes nous"}]},{"@type":"WebSite","@id":"https:\/\/gtloc.fr\/#website","url":"https:\/\/gtloc.fr\/","name":"gtloc","description":"","publisher":{"@id":"https:\/\/gtloc.fr\/#organization"},"potentialAction":[{"@type":"SearchAction","target":{"@type":"EntryPoint","urlTemplate":"https:\/\/gtloc.fr\/?s={search_term_string}"},"query-input":{"@type":"PropertyValueSpecification","valueRequired":true,"valueName":"search_term_string"}}],"inLanguage":"fr-FR"},{"@type":"Organization","@id":"https:\/\/gtloc.fr\/#organization","name":"gtloc","url":"https:\/\/gtloc.fr\/","logo":{"@type":"ImageObject","inLanguage":"fr-FR","@id":"https:\/\/gtloc.fr\/#\/schema\/logo\/image\/","url":"https:\/\/gtloc.fr\/wp-content\/uploads\/2023\/09\/GT-Loc_logo_long-01-1-sans-fond.png","contentUrl":"https:\/\/gtloc.fr\/wp-content\/uploads\/2023\/09\/GT-Loc_logo_long-01-1-sans-fond.png","width":6193,"height":2953,"caption":"gtloc"},"image":{"@id":"https:\/\/gtloc.fr\/#\/schema\/logo\/image\/"}}]}},"_links":{"self":[{"href":"https:\/\/gtloc.fr\/index.php\/wp-json\/wp\/v2\/pages\/105","targetHints":{"allow":["GET"]}}],"collection":[{"href":"https:\/\/gtloc.fr\/index.php\/wp-json\/wp\/v2\/pages"}],"about":[{"href":"https:\/\/gtloc.fr\/index.php\/wp-json\/wp\/v2\/types\/page"}],"author":[{"embeddable":true,"href":"https:\/\/gtloc.fr\/index.php\/wp-json\/wp\/v2\/users\/1"}],"replies":[{"embeddable":true,"href":"https:\/\/gtloc.fr\/index.php\/wp-json\/wp\/v2\/comments?post=105"}],"version-history":[{"count":73,"href":"https:\/\/gtloc.fr\/index.php\/wp-json\/wp\/v2\/pages\/105\/revisions"}],"predecessor-version":[{"id":1632,"href":"https:\/\/gtloc.fr\/index.php\/wp-json\/wp\/v2\/pages\/105\/revisions\/1632"}],"wp:attachment":[{"href":"https:\/\/gtloc.fr\/index.php\/wp-json\/wp\/v2\/media?parent=105"}],"curies":[{"name":"wp","href":"https:\/\/api.w.org\/{rel}","templated":true}]}}