{"id":1715,"date":"2023-12-27T14:25:21","date_gmt":"2023-12-27T13:25:21","guid":{"rendered":"https:\/\/gtloc.fr\/?post_type=product&#038;p=1715"},"modified":"2024-01-24T09:57:31","modified_gmt":"2024-01-24T08:57:31","slug":"nacelle-articulee-za16jert-18m","status":"publish","type":"product","link":"https:\/\/gtloc.fr\/index.php\/produit\/nacelle-articulee-za16jert-18m\/","title":{"rendered":"Nacelle articul\u00e9e ZA16JERT 18m"},"content":{"rendered":"<h2><strong><span class=\"OYPEnA text-decoration-none text-strikethrough-none\" data-darkreader-inline-color=\"\">CARACT\u00c9RISTIQUES<\/span><\/strong><\/h2>\n<p>&nbsp;<\/p>\n<p class=\"cvGsUA direction-ltr align-start para-style-body\" data-darkreader-inline-color=\"\"><span class=\"OYPEnA text-decoration-none text-strikethrough-none\" data-darkreader-inline-color=\"\">Klaxon<\/span><\/p>\n<p class=\"cvGsUA direction-ltr align-start para-style-body\" data-darkreader-inline-color=\"\"><span class=\"OYPEnA text-decoration-none text-strikethrough-none\" data-darkreader-inline-color=\"\">Alarmes anti-basculement<\/span><\/p>\n<p class=\"cvGsUA direction-ltr align-start para-style-body\" data-darkreader-inline-color=\"\"><span class=\"OYPEnA text-decoration-none text-strikethrough-none\" data-darkreader-inline-color=\"\">Commandes proportionnelles<\/span><\/p>\n<p class=\"cvGsUA direction-ltr align-justify para-style-body\" data-darkreader-inline-color=\"\"><span class=\"OYPEnA text-decoration-none text-strikethrough-none\" data-darkreader-inline-color=\"\">Portillon panier \u00e0 fermeture automatique Flash de signalisation<\/span><\/p>\n<p class=\"cvGsUA direction-ltr align-start para-style-body\" data-darkreader-inline-color=\"\"><span class=\"OYPEnA text-decoration-none text-strikethrough-none\" data-darkreader-inline-color=\"\">Mise \u00e0 niveau automatique panier<\/span><\/p>\n<p class=\"cvGsUA direction-ltr align-start para-style-body\" data-darkreader-inline-color=\"\"><span class=\"OYPEnA text-decoration-none text-strikethrough-none\" data-darkreader-inline-color=\"\">Bouton d&#8217;arr\u00eat d&#8217;urgence<\/span><\/p>\n<p class=\"cvGsUA direction-ltr align-start para-style-body\" data-darkreader-inline-color=\"\"><span class=\"OYPEnA text-decoration-none text-strikethrough-none\" data-darkreader-inline-color=\"\">Alarme de d\u00e9vers<\/span><\/p>\n<p class=\"cvGsUA direction-ltr align-justify para-style-body\" data-darkreader-inline-color=\"\"><span class=\"OYPEnA text-decoration-none text-strikethrough-none\" data-darkreader-inline-color=\"\">Syst\u00e8me de descente nacelle de secours Syst\u00e8me de diagnostique embarqu\u00e9<\/span><\/p>\n<p class=\"cvGsUA direction-ltr align-start para-style-body\" data-darkreader-inline-color=\"\"><span class=\"OYPEnA text-decoration-none text-strikethrough-none\" data-darkreader-inline-color=\"\">Ecran 4,3&#8242; Led<\/span><\/p>\n<p class=\"cvGsUA direction-ltr align-start para-style-body\" data-darkreader-inline-color=\"\"><span class=\"OYPEnA text-decoration-none text-strikethrough-none\" data-darkreader-inline-color=\"\">Capteur de poids<\/span><\/p>\n<p class=\"cvGsUA direction-ltr align-start para-style-body\" data-darkreader-inline-color=\"\"><span class=\"OYPEnA text-decoration-none text-strikethrough-none\" data-darkreader-inline-color=\"\">Syst\u00e8me anti-\u00e9crasement<\/span><\/p>\n<h2 class=\"cvGsUA direction-ltr align-start para-style-body\"><span class=\"OYPEnA text-decoration-none text-strikethrough-none\" data-darkreader-inline-color=\"\">LES POINTS FORTS<\/span><\/h2>\n<p class=\"cvGsUA direction-ltr align-start para-style-body\" data-darkreader-inline-color=\"\"><span class=\"OYPEnA text-decoration-none text-strikethrough-none\" data-darkreader-inline-color=\"\">Disposition centrale, rigidit\u00e9 de la structure et faible d\u00e9formation<\/span><\/p>\n<p class=\"cvGsUA direction-ltr align-start para-style-body\" data-darkreader-inline-color=\"\"><span class=\"OYPEnA text-decoration-none text-strikethrough-none\" data-darkreader-inline-color=\"\">Moteur de d\u00e9placement AC, puissant, souple et<\/span><\/p>\n<p class=\"cvGsUA direction-ltr align-start para-style-body\" data-darkreader-inline-color=\"\"><span class=\"OYPEnA text-decoration-none text-strikethrough-none\" data-darkreader-inline-color=\"\">sans maintenance<\/span><\/p>\n<p class=\"cvGsUA direction-ltr align-start para-style-body\" data-darkreader-inline-color=\"\"><span class=\"OYPEnA text-decoration-none text-strikethrough-none\" data-darkreader-inline-color=\"\">Nacelle articul\u00e9e 18 m\u00e8tres \u00e9lectrique 4&#215;4 grande<\/span><\/p>\n<p class=\"cvGsUA direction-ltr align-start para-style-body\" data-darkreader-inline-color=\"\"><span class=\"OYPEnA text-decoration-none text-strikethrough-none\" data-darkreader-inline-color=\"\">puissance<\/span><\/p>\n<p class=\"cvGsUA direction-ltr align-start para-style-body\" data-darkreader-inline-color=\"\"><span class=\"OYPEnA text-decoration-none text-strikethrough-none\" data-darkreader-inline-color=\"\">4&#215;4 am\u00e9lior\u00e9 pr\u00e9vue pour un usage dans un<\/span><\/p>\n<p class=\"cvGsUA direction-ltr align-start para-style-body\" data-darkreader-inline-color=\"\"><span class=\"OYPEnA text-decoration-none text-strikethrough-none\" data-darkreader-inline-color=\"\">environnement difficile<\/span><\/p>\n<p class=\"cvGsUA direction-ltr align-start para-style-body\" data-darkreader-inline-color=\"\"><span class=\"OYPEnA text-decoration-none text-strikethrough-none\" data-darkreader-inline-color=\"\">Le double syst\u00e8me de contr\u00f4le (par distributeur<\/span><\/p>\n<p class=\"cvGsUA direction-ltr align-start para-style-body\" data-darkreader-inline-color=\"\"><span class=\"OYPEnA text-decoration-none text-strikethrough-none\" data-darkreader-inline-color=\"\">et pompe) offre des \u00e9conomies d&#8217;\u00e9nergie et une<\/span><\/p>\n<p class=\"cvGsUA direction-ltr align-start para-style-body\" data-darkreader-inline-color=\"\"><span class=\"OYPEnA text-decoration-none text-strikethrough-none\" data-darkreader-inline-color=\"\">tr\u00e8s bonne souplesse d&#8217;utilisation<\/span><\/p>\n<p class=\"cvGsUA direction-ltr align-start para-style-body\" data-darkreader-inline-color=\"\"><span class=\"OYPEnA text-decoration-none text-strikethrough-none\" data-darkreader-inline-color=\"\">Batterie Lithium-Ion avec contr\u00f4le BMS et<\/span><\/p>\n<p class=\"cvGsUA direction-ltr align-start para-style-body\" data-darkreader-inline-color=\"\"><span class=\"OYPEnA text-decoration-none text-strikethrough-none\" data-darkreader-inline-color=\"\">chargeur pour une dur\u00e9e standard de plus de 8<\/span><\/p>\n<p class=\"cvGsUA direction-ltr align-start para-style-body\" data-darkreader-inline-color=\"\"><span class=\"OYPEnA text-decoration-none text-strikethrough-none\" data-darkreader-inline-color=\"\">ans, avec 5 ans de garantie (ZA16JERT-Li). Plus de<\/span><\/p>\n<p class=\"cvGsUA direction-ltr align-start para-style-body\" data-darkreader-inline-color=\"\"><span class=\"OYPEnA text-decoration-none text-strikethrough-none\" data-darkreader-inline-color=\"\">2500 cycles de charges\/d\u00e9charges<\/span><\/p>\n<h2><strong><span class=\"OYPEnA text-decoration-none text-strikethrough-none\" data-darkreader-inline-color=\"\">Options et accessoires<\/span><\/strong><\/h2>\n<p>&nbsp;<\/p>\n<p><span class=\"OYPEnA text-decoration-none text-strikethrough-none\" data-darkreader-inline-color=\"\">Phare de travail sur la plateforme<\/span><\/p>\n<p><span class=\"OYPEnA text-decoration-none text-strikethrough-none\" data-darkreader-inline-color=\"\">Prise \u00e9lectrique sur la plateforme 220v ac via rallonge int\u00e9gr\u00e9e<\/span><\/p>\n<p><span class=\"OYPEnA text-decoration-none text-strikethrough-none\" data-darkreader-inline-color=\"\">Connecteur pneumatique sur la plateforme<\/span><\/p>\n<p><span class=\"OYPEnA text-decoration-none text-strikethrough-none\" data-darkreader-inline-color=\"\">Huile hydraulique basse temp\u00e9rature<\/span><\/p>\n<p><span class=\"OYPEnA text-decoration-none text-strikethrough-none\" data-darkreader-inline-color=\"\">Pneu non marquant<\/span><\/p>\n","protected":false},"excerpt":{"rendered":"<p>CARACT\u00c9RISTIQUES &nbsp; Klaxon Alarmes anti-basculement Commandes proportionnelles Portillon panier \u00e0 fermeture automatique Flash de signalisation Mise \u00e0 niveau automatique panier Bouton d&#8217;arr\u00eat d&#8217;urgence Alarme de d\u00e9vers Syst\u00e8me de descente nacelle de secours Syst\u00e8me de diagnostique embarqu\u00e9 Ecran 4,3&#8242; Led Capteur de poids Syst\u00e8me anti-\u00e9crasement LES POINTS FORTS Disposition centrale, rigidit\u00e9 de la structure et faible [&hellip;]<\/p>\n","protected":false},"featured_media":1717,"template":"","meta":{"_acf_changed":false},"product_brand":[],"product_cat":[21],"product_tag":[],"class_list":{"0":"post-1715","1":"product","2":"type-product","3":"status-publish","4":"has-post-thumbnail","6":"product_cat-zero-emission","8":"first","9":"instock","10":"featured","11":"shipping-taxable","12":"purchasable","13":"product-type-simple"},"acf":[],"yoast_head":"<!-- This site is optimized with the Yoast SEO plugin v27.5 - https:\/\/yoast.com\/product\/yoast-seo-wordpress\/ -->\n<title>Nacelle articul\u00e9e ZA16JERT 18m - gtloc<\/title>\n<meta name=\"description\" content=\"Nacelle articul\u00e9e \u00e9lectrique de 18m, id\u00e9ale pour les travaux en hauteur. Louez ou achetez cet \u00e9quipement performant, offrant une port\u00e9e optimale et une grande maniabilit\u00e9 pour garantir la r\u00e9ussite de vos projets en toute s\u00e9curit\u00e9.\" \/>\n<meta name=\"robots\" content=\"index, follow, max-snippet:-1, max-image-preview:large, max-video-preview:-1\" \/>\n<link rel=\"canonical\" href=\"https:\/\/gtloc.fr\/index.php\/produit\/nacelle-articulee-za16jert-18m\/\" \/>\n<meta property=\"og:locale\" content=\"fr_FR\" \/>\n<meta property=\"og:type\" content=\"article\" \/>\n<meta property=\"og:title\" content=\"Nacelle articul\u00e9e ZA16JERT 18m - gtloc\" \/>\n<meta property=\"og:description\" content=\"Nacelle articul\u00e9e \u00e9lectrique de 18m, id\u00e9ale pour les travaux en hauteur. Louez ou achetez cet \u00e9quipement performant, offrant une port\u00e9e optimale et une grande maniabilit\u00e9 pour garantir la r\u00e9ussite de vos projets en toute s\u00e9curit\u00e9.\" \/>\n<meta property=\"og:url\" content=\"https:\/\/gtloc.fr\/index.php\/produit\/nacelle-articulee-za16jert-18m\/\" \/>\n<meta property=\"og:site_name\" content=\"gtloc\" \/>\n<meta property=\"article:modified_time\" content=\"2024-01-24T08:57:31+00:00\" \/>\n<meta property=\"og:image\" content=\"https:\/\/gtloc.fr\/wp-content\/uploads\/2023\/12\/ZA16JERT-02.png\" \/>\n\t<meta property=\"og:image:width\" content=\"3000\" \/>\n\t<meta property=\"og:image:height\" content=\"2199\" \/>\n\t<meta property=\"og:image:type\" content=\"image\/png\" \/>\n<meta name=\"twitter:card\" content=\"summary_large_image\" \/>\n<meta name=\"twitter:label1\" content=\"Dur\u00e9e de lecture estim\u00e9e\" \/>\n\t<meta name=\"twitter:data1\" content=\"1 minute\" \/>\n<script type=\"application\/ld+json\" class=\"yoast-schema-graph\">{\"@context\":\"https:\\\/\\\/schema.org\",\"@graph\":[{\"@type\":\"WebPage\",\"@id\":\"https:\\\/\\\/gtloc.fr\\\/index.php\\\/produit\\\/nacelle-articulee-za16jert-18m\\\/\",\"url\":\"https:\\\/\\\/gtloc.fr\\\/index.php\\\/produit\\\/nacelle-articulee-za16jert-18m\\\/\",\"name\":\"Nacelle articul\u00e9e ZA16JERT 18m - gtloc\",\"isPartOf\":{\"@id\":\"https:\\\/\\\/gtloc.fr\\\/#website\"},\"primaryImageOfPage\":{\"@id\":\"https:\\\/\\\/gtloc.fr\\\/index.php\\\/produit\\\/nacelle-articulee-za16jert-18m\\\/#primaryimage\"},\"image\":{\"@id\":\"https:\\\/\\\/gtloc.fr\\\/index.php\\\/produit\\\/nacelle-articulee-za16jert-18m\\\/#primaryimage\"},\"thumbnailUrl\":\"https:\\\/\\\/gtloc.fr\\\/wp-content\\\/uploads\\\/2023\\\/12\\\/ZA16JERT-02.png\",\"datePublished\":\"2023-12-27T13:25:21+00:00\",\"dateModified\":\"2024-01-24T08:57:31+00:00\",\"description\":\"Nacelle articul\u00e9e \u00e9lectrique de 18m, id\u00e9ale pour les travaux en hauteur. Louez ou achetez cet \u00e9quipement performant, offrant une port\u00e9e optimale et une grande maniabilit\u00e9 pour garantir la r\u00e9ussite de vos projets en toute s\u00e9curit\u00e9.\",\"breadcrumb\":{\"@id\":\"https:\\\/\\\/gtloc.fr\\\/index.php\\\/produit\\\/nacelle-articulee-za16jert-18m\\\/#breadcrumb\"},\"inLanguage\":\"fr-FR\",\"potentialAction\":[{\"@type\":\"ReadAction\",\"target\":[\"https:\\\/\\\/gtloc.fr\\\/index.php\\\/produit\\\/nacelle-articulee-za16jert-18m\\\/\"]}]},{\"@type\":\"ImageObject\",\"inLanguage\":\"fr-FR\",\"@id\":\"https:\\\/\\\/gtloc.fr\\\/index.php\\\/produit\\\/nacelle-articulee-za16jert-18m\\\/#primaryimage\",\"url\":\"https:\\\/\\\/gtloc.fr\\\/wp-content\\\/uploads\\\/2023\\\/12\\\/ZA16JERT-02.png\",\"contentUrl\":\"https:\\\/\\\/gtloc.fr\\\/wp-content\\\/uploads\\\/2023\\\/12\\\/ZA16JERT-02.png\",\"width\":3000,\"height\":2199},{\"@type\":\"BreadcrumbList\",\"@id\":\"https:\\\/\\\/gtloc.fr\\\/index.php\\\/produit\\\/nacelle-articulee-za16jert-18m\\\/#breadcrumb\",\"itemListElement\":[{\"@type\":\"ListItem\",\"position\":1,\"name\":\"Accueil\",\"item\":\"https:\\\/\\\/gtloc.fr\\\/\"},{\"@type\":\"ListItem\",\"position\":2,\"name\":\"Boutique\",\"item\":\"https:\\\/\\\/gtloc.fr\\\/index.php\\\/boutique\\\/\"},{\"@type\":\"ListItem\",\"position\":3,\"name\":\"Nacelle articul\u00e9e ZA16JERT 18m\"}]},{\"@type\":\"WebSite\",\"@id\":\"https:\\\/\\\/gtloc.fr\\\/#website\",\"url\":\"https:\\\/\\\/gtloc.fr\\\/\",\"name\":\"gtloc\",\"description\":\"\",\"publisher\":{\"@id\":\"https:\\\/\\\/gtloc.fr\\\/#organization\"},\"potentialAction\":[{\"@type\":\"SearchAction\",\"target\":{\"@type\":\"EntryPoint\",\"urlTemplate\":\"https:\\\/\\\/gtloc.fr\\\/?s={search_term_string}\"},\"query-input\":{\"@type\":\"PropertyValueSpecification\",\"valueRequired\":true,\"valueName\":\"search_term_string\"}}],\"inLanguage\":\"fr-FR\"},{\"@type\":\"Organization\",\"@id\":\"https:\\\/\\\/gtloc.fr\\\/#organization\",\"name\":\"gtloc\",\"url\":\"https:\\\/\\\/gtloc.fr\\\/\",\"logo\":{\"@type\":\"ImageObject\",\"inLanguage\":\"fr-FR\",\"@id\":\"https:\\\/\\\/gtloc.fr\\\/#\\\/schema\\\/logo\\\/image\\\/\",\"url\":\"https:\\\/\\\/gtloc.fr\\\/wp-content\\\/uploads\\\/2023\\\/09\\\/GT-Loc_logo_long-01-1-sans-fond.png\",\"contentUrl\":\"https:\\\/\\\/gtloc.fr\\\/wp-content\\\/uploads\\\/2023\\\/09\\\/GT-Loc_logo_long-01-1-sans-fond.png\",\"width\":6193,\"height\":2953,\"caption\":\"gtloc\"},\"image\":{\"@id\":\"https:\\\/\\\/gtloc.fr\\\/#\\\/schema\\\/logo\\\/image\\\/\"}}]}<\/script>\n<!-- \/ Yoast SEO plugin. -->","yoast_head_json":{"title":"Nacelle articul\u00e9e ZA16JERT 18m - gtloc","description":"Nacelle articul\u00e9e \u00e9lectrique de 18m, id\u00e9ale pour les travaux en hauteur. Louez ou achetez cet \u00e9quipement performant, offrant une port\u00e9e optimale et une grande maniabilit\u00e9 pour garantir la r\u00e9ussite de vos projets en toute s\u00e9curit\u00e9.","robots":{"index":"index","follow":"follow","max-snippet":"max-snippet:-1","max-image-preview":"max-image-preview:large","max-video-preview":"max-video-preview:-1"},"canonical":"https:\/\/gtloc.fr\/index.php\/produit\/nacelle-articulee-za16jert-18m\/","og_locale":"fr_FR","og_type":"article","og_title":"Nacelle articul\u00e9e ZA16JERT 18m - gtloc","og_description":"Nacelle articul\u00e9e \u00e9lectrique de 18m, id\u00e9ale pour les travaux en hauteur. Louez ou achetez cet \u00e9quipement performant, offrant une port\u00e9e optimale et une grande maniabilit\u00e9 pour garantir la r\u00e9ussite de vos projets en toute s\u00e9curit\u00e9.","og_url":"https:\/\/gtloc.fr\/index.php\/produit\/nacelle-articulee-za16jert-18m\/","og_site_name":"gtloc","article_modified_time":"2024-01-24T08:57:31+00:00","og_image":[{"width":3000,"height":2199,"url":"https:\/\/gtloc.fr\/wp-content\/uploads\/2023\/12\/ZA16JERT-02.png","type":"image\/png"}],"twitter_card":"summary_large_image","twitter_misc":{"Dur\u00e9e de lecture estim\u00e9e":"1 minute"},"schema":{"@context":"https:\/\/schema.org","@graph":[{"@type":"WebPage","@id":"https:\/\/gtloc.fr\/index.php\/produit\/nacelle-articulee-za16jert-18m\/","url":"https:\/\/gtloc.fr\/index.php\/produit\/nacelle-articulee-za16jert-18m\/","name":"Nacelle articul\u00e9e ZA16JERT 18m - gtloc","isPartOf":{"@id":"https:\/\/gtloc.fr\/#website"},"primaryImageOfPage":{"@id":"https:\/\/gtloc.fr\/index.php\/produit\/nacelle-articulee-za16jert-18m\/#primaryimage"},"image":{"@id":"https:\/\/gtloc.fr\/index.php\/produit\/nacelle-articulee-za16jert-18m\/#primaryimage"},"thumbnailUrl":"https:\/\/gtloc.fr\/wp-content\/uploads\/2023\/12\/ZA16JERT-02.png","datePublished":"2023-12-27T13:25:21+00:00","dateModified":"2024-01-24T08:57:31+00:00","description":"Nacelle articul\u00e9e \u00e9lectrique de 18m, id\u00e9ale pour les travaux en hauteur. Louez ou achetez cet \u00e9quipement performant, offrant une port\u00e9e optimale et une grande maniabilit\u00e9 pour garantir la r\u00e9ussite de vos projets en toute s\u00e9curit\u00e9.","breadcrumb":{"@id":"https:\/\/gtloc.fr\/index.php\/produit\/nacelle-articulee-za16jert-18m\/#breadcrumb"},"inLanguage":"fr-FR","potentialAction":[{"@type":"ReadAction","target":["https:\/\/gtloc.fr\/index.php\/produit\/nacelle-articulee-za16jert-18m\/"]}]},{"@type":"ImageObject","inLanguage":"fr-FR","@id":"https:\/\/gtloc.fr\/index.php\/produit\/nacelle-articulee-za16jert-18m\/#primaryimage","url":"https:\/\/gtloc.fr\/wp-content\/uploads\/2023\/12\/ZA16JERT-02.png","contentUrl":"https:\/\/gtloc.fr\/wp-content\/uploads\/2023\/12\/ZA16JERT-02.png","width":3000,"height":2199},{"@type":"BreadcrumbList","@id":"https:\/\/gtloc.fr\/index.php\/produit\/nacelle-articulee-za16jert-18m\/#breadcrumb","itemListElement":[{"@type":"ListItem","position":1,"name":"Accueil","item":"https:\/\/gtloc.fr\/"},{"@type":"ListItem","position":2,"name":"Boutique","item":"https:\/\/gtloc.fr\/index.php\/boutique\/"},{"@type":"ListItem","position":3,"name":"Nacelle articul\u00e9e ZA16JERT 18m"}]},{"@type":"WebSite","@id":"https:\/\/gtloc.fr\/#website","url":"https:\/\/gtloc.fr\/","name":"gtloc","description":"","publisher":{"@id":"https:\/\/gtloc.fr\/#organization"},"potentialAction":[{"@type":"SearchAction","target":{"@type":"EntryPoint","urlTemplate":"https:\/\/gtloc.fr\/?s={search_term_string}"},"query-input":{"@type":"PropertyValueSpecification","valueRequired":true,"valueName":"search_term_string"}}],"inLanguage":"fr-FR"},{"@type":"Organization","@id":"https:\/\/gtloc.fr\/#organization","name":"gtloc","url":"https:\/\/gtloc.fr\/","logo":{"@type":"ImageObject","inLanguage":"fr-FR","@id":"https:\/\/gtloc.fr\/#\/schema\/logo\/image\/","url":"https:\/\/gtloc.fr\/wp-content\/uploads\/2023\/09\/GT-Loc_logo_long-01-1-sans-fond.png","contentUrl":"https:\/\/gtloc.fr\/wp-content\/uploads\/2023\/09\/GT-Loc_logo_long-01-1-sans-fond.png","width":6193,"height":2953,"caption":"gtloc"},"image":{"@id":"https:\/\/gtloc.fr\/#\/schema\/logo\/image\/"}}]}},"_links":{"self":[{"href":"https:\/\/gtloc.fr\/index.php\/wp-json\/wp\/v2\/product\/1715","targetHints":{"allow":["GET"]}}],"collection":[{"href":"https:\/\/gtloc.fr\/index.php\/wp-json\/wp\/v2\/product"}],"about":[{"href":"https:\/\/gtloc.fr\/index.php\/wp-json\/wp\/v2\/types\/product"}],"version-history":[{"count":2,"href":"https:\/\/gtloc.fr\/index.php\/wp-json\/wp\/v2\/product\/1715\/revisions"}],"predecessor-version":[{"id":1725,"href":"https:\/\/gtloc.fr\/index.php\/wp-json\/wp\/v2\/product\/1715\/revisions\/1725"}],"wp:featuredmedia":[{"embeddable":true,"href":"https:\/\/gtloc.fr\/index.php\/wp-json\/wp\/v2\/media\/1717"}],"wp:attachment":[{"href":"https:\/\/gtloc.fr\/index.php\/wp-json\/wp\/v2\/media?parent=1715"}],"wp:term":[{"taxonomy":"product_brand","embeddable":true,"href":"https:\/\/gtloc.fr\/index.php\/wp-json\/wp\/v2\/product_brand?post=1715"},{"taxonomy":"product_cat","embeddable":true,"href":"https:\/\/gtloc.fr\/index.php\/wp-json\/wp\/v2\/product_cat?post=1715"},{"taxonomy":"product_tag","embeddable":true,"href":"https:\/\/gtloc.fr\/index.php\/wp-json\/wp\/v2\/product_tag?post=1715"}],"curies":[{"name":"wp","href":"https:\/\/api.w.org\/{rel}","templated":true}]}}