{"id":1726,"date":"2023-12-27T15:18:00","date_gmt":"2023-12-27T14:18:00","guid":{"rendered":"https:\/\/gtloc.fr\/?post_type=product&#038;p=1726"},"modified":"2024-01-24T09:57:30","modified_gmt":"2024-01-24T08:57:30","slug":"nacelle-articulee-za20jert-22m","status":"publish","type":"product","link":"https:\/\/gtloc.fr\/index.php\/produit\/nacelle-articulee-za20jert-22m\/","title":{"rendered":"Nacelle articul\u00e9e ZA20JERT 22m"},"content":{"rendered":"<h2><strong><span class=\"OYPEnA text-decoration-none text-strikethrough-none\">Caract\u00e9ristiques<\/span><\/strong><\/h2>\n<p class=\"cvGsUA direction-ltr align-start para-style-body\"><span class=\"OYPEnA text-decoration-none text-strikethrough-none\">Klaxon<\/span><\/p>\n<p class=\"cvGsUA direction-ltr align-start para-style-body\"><span class=\"OYPEnA text-decoration-none text-strikethrough-none\">Report des d\u00e9fauts<\/span><\/p>\n<p class=\"cvGsUA direction-ltr align-start para-style-body\"><span class=\"OYPEnA text-decoration-none text-strikethrough-none\">Commandes proportionnelles<\/span><\/p>\n<p class=\"cvGsUA direction-ltr align-justify para-style-body\"><span class=\"OYPEnA text-decoration-none text-strikethrough-none\">Portillon panier \u00e0 fermeture automatique Syst\u00e8me de descente nacelle de secours<\/span><\/p>\n<p>&nbsp;<\/p>\n<h2><strong><span class=\"OYPEnA text-decoration-none text-strikethrough-none\">Les points forts<\/span><\/strong><\/h2>\n<p>&nbsp;<\/p>\n<p class=\"cvGsUA direction-ltr align-justify para-style-body\"><span class=\"OYPEnA text-decoration-none text-strikethrough-none\">Une hauteur de travail de 22 m\u00e8tres pour une capacit\u00e9 de 250\/360 Kg Syst\u00e8me de descente rapide directement de la position haute \u00e0 la<\/span><\/p>\n<p class=\"cvGsUA direction-ltr align-start para-style-body\"><span class=\"OYPEnA text-decoration-none text-strikethrough-none\">position basse.<\/span><\/p>\n<p class=\"cvGsUA direction-ltr align-start para-style-body\"><span class=\"OYPEnA text-decoration-none text-strikethrough-none\">Gain de temps<\/span><\/p>\n<p class=\"cvGsUA direction-ltr align-start para-style-body\"><span class=\"OYPEnA text-decoration-none text-strikethrough-none\">Moteur de d\u00e9placement AC, puissant, souple et sans maintenance<\/span><\/p>\n<p class=\"cvGsUA direction-ltr align-start para-style-body\"><span class=\"OYPEnA text-decoration-none text-strikethrough-none\">Batterie auxiliaire ind\u00e9pendante en cas d&#8217;urgence<\/span><\/p>\n<p class=\"cvGsUA direction-ltr align-start para-style-body\"><span class=\"OYPEnA text-decoration-none text-strikethrough-none\">R\u00e9ducteur dimensionn\u00e9 pour offrir un franchissement puissant<\/span><\/p>\n<p class=\"cvGsUA direction-ltr align-start para-style-body\"><span class=\"OYPEnA text-decoration-none text-strikethrough-none\">Batterie Lithium-Ion avec contr\u00f4le BMS et chargeur pour une dur\u00e9e <\/span><span class=\"OYPEnA text-decoration-none text-strikethrough-none\">standard de plus de 8 ans, avec 5 ans de garantie (ZA20JERT-Li)<\/span><\/p>\n<p class=\"cvGsUA direction-ltr align-start para-style-body\"><span class=\"OYPEnA text-decoration-none text-strikethrough-none\">Plus <\/span><span class=\"OYPEnA text-decoration-none text-strikethrough-none\">de 2500 cycles de charges\/d\u00e9charges sans aucune maintenance<\/span><\/p>\n<p>&nbsp;<\/p>\n<h2><strong><span class=\"OYPEnA text-decoration-none text-strikethrough-none\">Options et accessoires<\/span><\/strong><\/h2>\n<p>&nbsp;<\/p>\n<p class=\"cvGsUA direction-ltr align-start para-style-body\"><span class=\"OYPEnA text-decoration-none text-strikethrough-none\">Prise \u00e9lectrique sur la plateforme 220v ac via rallonge int\u00e9gr\u00e9e<\/span><\/p>\n<p class=\"cvGsUA direction-ltr align-start para-style-body\"><span class=\"OYPEnA text-decoration-none text-strikethrough-none\">Connecteur pneumatique sur la plateforme via rallonge int\u00e9gr\u00e9e<\/span><\/p>\n<p class=\"cvGsUA direction-ltr align-start para-style-body\"><span class=\"OYPEnA text-decoration-none text-strikethrough-none\">Huile hydraulique basse temp\u00e9rature<\/span><\/p>\n<p class=\"cvGsUA direction-ltr align-start para-style-body\"><span class=\"OYPEnA text-decoration-none text-strikethrough-none\">Pneu non marquant<\/span><\/p>\n","protected":false},"excerpt":{"rendered":"<p>Caract\u00e9ristiques Klaxon Report des d\u00e9fauts Commandes proportionnelles Portillon panier \u00e0 fermeture automatique Syst\u00e8me de descente nacelle de secours &nbsp; Les points forts &nbsp; Une hauteur de travail de 22 m\u00e8tres pour une capacit\u00e9 de 250\/360 Kg Syst\u00e8me de descente rapide directement de la position haute \u00e0 la position basse. Gain de temps Moteur de d\u00e9placement [&hellip;]<\/p>\n","protected":false},"featured_media":1727,"template":"","meta":{"_acf_changed":false},"product_brand":[],"product_cat":[21],"product_tag":[],"class_list":{"0":"post-1726","1":"product","2":"type-product","3":"status-publish","4":"has-post-thumbnail","6":"product_cat-zero-emission","8":"first","9":"instock","10":"featured","11":"shipping-taxable","12":"purchasable","13":"product-type-simple"},"acf":[],"yoast_head":"<!-- This site is optimized with the Yoast SEO plugin v27.4 - https:\/\/yoast.com\/product\/yoast-seo-wordpress\/ -->\n<title>Nacelle articul\u00e9e ZA20JERT 22m - gtloc<\/title>\n<meta name=\"description\" content=\"Nacelle articul\u00e9e \u00e9lectrique de 22m 4x4, alliant hauteur, performance et polyvalence pour vos chantiers en ext\u00e9rieur. Cet \u00e9quipement robuste, offre une port\u00e9e exceptionnelle et une mobilit\u00e9 tout-terrain pour r\u00e9pondre efficacement \u00e0 vos besoins en hauteur sur divers terrains.\" \/>\n<meta name=\"robots\" content=\"index, follow, max-snippet:-1, max-image-preview:large, max-video-preview:-1\" \/>\n<link rel=\"canonical\" href=\"https:\/\/gtloc.fr\/index.php\/produit\/nacelle-articulee-za20jert-22m\/\" \/>\n<meta property=\"og:locale\" content=\"fr_FR\" \/>\n<meta property=\"og:type\" content=\"article\" \/>\n<meta property=\"og:title\" content=\"Nacelle articul\u00e9e ZA20JERT 22m - gtloc\" \/>\n<meta property=\"og:description\" content=\"Nacelle articul\u00e9e \u00e9lectrique de 22m 4x4, alliant hauteur, performance et polyvalence pour vos chantiers en ext\u00e9rieur. Cet \u00e9quipement robuste, offre une port\u00e9e exceptionnelle et une mobilit\u00e9 tout-terrain pour r\u00e9pondre efficacement \u00e0 vos besoins en hauteur sur divers terrains.\" \/>\n<meta property=\"og:url\" content=\"https:\/\/gtloc.fr\/index.php\/produit\/nacelle-articulee-za20jert-22m\/\" \/>\n<meta property=\"og:site_name\" content=\"gtloc\" \/>\n<meta property=\"article:modified_time\" content=\"2024-01-24T08:57:30+00:00\" \/>\n<meta property=\"og:image\" content=\"https:\/\/gtloc.fr\/wp-content\/uploads\/2023\/12\/ZA20JERT-Li-\u6700\u9ad8\u59ff\u6001-\u53f3\u89c6\u56fe.png\" \/>\n\t<meta property=\"og:image:width\" content=\"4000\" \/>\n\t<meta property=\"og:image:height\" content=\"2933\" \/>\n\t<meta property=\"og:image:type\" content=\"image\/png\" \/>\n<meta name=\"twitter:card\" content=\"summary_large_image\" \/>\n<meta name=\"twitter:label1\" content=\"Dur\u00e9e de lecture estim\u00e9e\" \/>\n\t<meta name=\"twitter:data1\" content=\"1 minute\" \/>\n<script type=\"application\/ld+json\" class=\"yoast-schema-graph\">{\"@context\":\"https:\\\/\\\/schema.org\",\"@graph\":[{\"@type\":\"WebPage\",\"@id\":\"https:\\\/\\\/gtloc.fr\\\/index.php\\\/produit\\\/nacelle-articulee-za20jert-22m\\\/\",\"url\":\"https:\\\/\\\/gtloc.fr\\\/index.php\\\/produit\\\/nacelle-articulee-za20jert-22m\\\/\",\"name\":\"Nacelle articul\u00e9e ZA20JERT 22m - gtloc\",\"isPartOf\":{\"@id\":\"https:\\\/\\\/gtloc.fr\\\/#website\"},\"primaryImageOfPage\":{\"@id\":\"https:\\\/\\\/gtloc.fr\\\/index.php\\\/produit\\\/nacelle-articulee-za20jert-22m\\\/#primaryimage\"},\"image\":{\"@id\":\"https:\\\/\\\/gtloc.fr\\\/index.php\\\/produit\\\/nacelle-articulee-za20jert-22m\\\/#primaryimage\"},\"thumbnailUrl\":\"https:\\\/\\\/gtloc.fr\\\/wp-content\\\/uploads\\\/2023\\\/12\\\/ZA20JERT-Li-\u6700\u9ad8\u59ff\u6001-\u53f3\u89c6\u56fe.png\",\"datePublished\":\"2023-12-27T14:18:00+00:00\",\"dateModified\":\"2024-01-24T08:57:30+00:00\",\"description\":\"Nacelle articul\u00e9e \u00e9lectrique de 22m 4x4, alliant hauteur, performance et polyvalence pour vos chantiers en ext\u00e9rieur. Cet \u00e9quipement robuste, offre une port\u00e9e exceptionnelle et une mobilit\u00e9 tout-terrain pour r\u00e9pondre efficacement \u00e0 vos besoins en hauteur sur divers terrains.\",\"breadcrumb\":{\"@id\":\"https:\\\/\\\/gtloc.fr\\\/index.php\\\/produit\\\/nacelle-articulee-za20jert-22m\\\/#breadcrumb\"},\"inLanguage\":\"fr-FR\",\"potentialAction\":[{\"@type\":\"ReadAction\",\"target\":[\"https:\\\/\\\/gtloc.fr\\\/index.php\\\/produit\\\/nacelle-articulee-za20jert-22m\\\/\"]}]},{\"@type\":\"ImageObject\",\"inLanguage\":\"fr-FR\",\"@id\":\"https:\\\/\\\/gtloc.fr\\\/index.php\\\/produit\\\/nacelle-articulee-za20jert-22m\\\/#primaryimage\",\"url\":\"https:\\\/\\\/gtloc.fr\\\/wp-content\\\/uploads\\\/2023\\\/12\\\/ZA20JERT-Li-\u6700\u9ad8\u59ff\u6001-\u53f3\u89c6\u56fe.png\",\"contentUrl\":\"https:\\\/\\\/gtloc.fr\\\/wp-content\\\/uploads\\\/2023\\\/12\\\/ZA20JERT-Li-\u6700\u9ad8\u59ff\u6001-\u53f3\u89c6\u56fe.png\",\"width\":4000,\"height\":2933},{\"@type\":\"BreadcrumbList\",\"@id\":\"https:\\\/\\\/gtloc.fr\\\/index.php\\\/produit\\\/nacelle-articulee-za20jert-22m\\\/#breadcrumb\",\"itemListElement\":[{\"@type\":\"ListItem\",\"position\":1,\"name\":\"Accueil\",\"item\":\"https:\\\/\\\/gtloc.fr\\\/\"},{\"@type\":\"ListItem\",\"position\":2,\"name\":\"Boutique\",\"item\":\"https:\\\/\\\/gtloc.fr\\\/index.php\\\/boutique\\\/\"},{\"@type\":\"ListItem\",\"position\":3,\"name\":\"Nacelle articul\u00e9e ZA20JERT 22m\"}]},{\"@type\":\"WebSite\",\"@id\":\"https:\\\/\\\/gtloc.fr\\\/#website\",\"url\":\"https:\\\/\\\/gtloc.fr\\\/\",\"name\":\"gtloc\",\"description\":\"\",\"publisher\":{\"@id\":\"https:\\\/\\\/gtloc.fr\\\/#organization\"},\"potentialAction\":[{\"@type\":\"SearchAction\",\"target\":{\"@type\":\"EntryPoint\",\"urlTemplate\":\"https:\\\/\\\/gtloc.fr\\\/?s={search_term_string}\"},\"query-input\":{\"@type\":\"PropertyValueSpecification\",\"valueRequired\":true,\"valueName\":\"search_term_string\"}}],\"inLanguage\":\"fr-FR\"},{\"@type\":\"Organization\",\"@id\":\"https:\\\/\\\/gtloc.fr\\\/#organization\",\"name\":\"gtloc\",\"url\":\"https:\\\/\\\/gtloc.fr\\\/\",\"logo\":{\"@type\":\"ImageObject\",\"inLanguage\":\"fr-FR\",\"@id\":\"https:\\\/\\\/gtloc.fr\\\/#\\\/schema\\\/logo\\\/image\\\/\",\"url\":\"https:\\\/\\\/gtloc.fr\\\/wp-content\\\/uploads\\\/2023\\\/09\\\/GT-Loc_logo_long-01-1-sans-fond.png\",\"contentUrl\":\"https:\\\/\\\/gtloc.fr\\\/wp-content\\\/uploads\\\/2023\\\/09\\\/GT-Loc_logo_long-01-1-sans-fond.png\",\"width\":6193,\"height\":2953,\"caption\":\"gtloc\"},\"image\":{\"@id\":\"https:\\\/\\\/gtloc.fr\\\/#\\\/schema\\\/logo\\\/image\\\/\"}}]}<\/script>\n<!-- \/ Yoast SEO plugin. -->","yoast_head_json":{"title":"Nacelle articul\u00e9e ZA20JERT 22m - gtloc","description":"Nacelle articul\u00e9e \u00e9lectrique de 22m 4x4, alliant hauteur, performance et polyvalence pour vos chantiers en ext\u00e9rieur. Cet \u00e9quipement robuste, offre une port\u00e9e exceptionnelle et une mobilit\u00e9 tout-terrain pour r\u00e9pondre efficacement \u00e0 vos besoins en hauteur sur divers terrains.","robots":{"index":"index","follow":"follow","max-snippet":"max-snippet:-1","max-image-preview":"max-image-preview:large","max-video-preview":"max-video-preview:-1"},"canonical":"https:\/\/gtloc.fr\/index.php\/produit\/nacelle-articulee-za20jert-22m\/","og_locale":"fr_FR","og_type":"article","og_title":"Nacelle articul\u00e9e ZA20JERT 22m - gtloc","og_description":"Nacelle articul\u00e9e \u00e9lectrique de 22m 4x4, alliant hauteur, performance et polyvalence pour vos chantiers en ext\u00e9rieur. Cet \u00e9quipement robuste, offre une port\u00e9e exceptionnelle et une mobilit\u00e9 tout-terrain pour r\u00e9pondre efficacement \u00e0 vos besoins en hauteur sur divers terrains.","og_url":"https:\/\/gtloc.fr\/index.php\/produit\/nacelle-articulee-za20jert-22m\/","og_site_name":"gtloc","article_modified_time":"2024-01-24T08:57:30+00:00","og_image":[{"width":4000,"height":2933,"url":"https:\/\/gtloc.fr\/wp-content\/uploads\/2023\/12\/ZA20JERT-Li-\u6700\u9ad8\u59ff\u6001-\u53f3\u89c6\u56fe.png","type":"image\/png"}],"twitter_card":"summary_large_image","twitter_misc":{"Dur\u00e9e de lecture estim\u00e9e":"1 minute"},"schema":{"@context":"https:\/\/schema.org","@graph":[{"@type":"WebPage","@id":"https:\/\/gtloc.fr\/index.php\/produit\/nacelle-articulee-za20jert-22m\/","url":"https:\/\/gtloc.fr\/index.php\/produit\/nacelle-articulee-za20jert-22m\/","name":"Nacelle articul\u00e9e ZA20JERT 22m - gtloc","isPartOf":{"@id":"https:\/\/gtloc.fr\/#website"},"primaryImageOfPage":{"@id":"https:\/\/gtloc.fr\/index.php\/produit\/nacelle-articulee-za20jert-22m\/#primaryimage"},"image":{"@id":"https:\/\/gtloc.fr\/index.php\/produit\/nacelle-articulee-za20jert-22m\/#primaryimage"},"thumbnailUrl":"https:\/\/gtloc.fr\/wp-content\/uploads\/2023\/12\/ZA20JERT-Li-\u6700\u9ad8\u59ff\u6001-\u53f3\u89c6\u56fe.png","datePublished":"2023-12-27T14:18:00+00:00","dateModified":"2024-01-24T08:57:30+00:00","description":"Nacelle articul\u00e9e \u00e9lectrique de 22m 4x4, alliant hauteur, performance et polyvalence pour vos chantiers en ext\u00e9rieur. Cet \u00e9quipement robuste, offre une port\u00e9e exceptionnelle et une mobilit\u00e9 tout-terrain pour r\u00e9pondre efficacement \u00e0 vos besoins en hauteur sur divers terrains.","breadcrumb":{"@id":"https:\/\/gtloc.fr\/index.php\/produit\/nacelle-articulee-za20jert-22m\/#breadcrumb"},"inLanguage":"fr-FR","potentialAction":[{"@type":"ReadAction","target":["https:\/\/gtloc.fr\/index.php\/produit\/nacelle-articulee-za20jert-22m\/"]}]},{"@type":"ImageObject","inLanguage":"fr-FR","@id":"https:\/\/gtloc.fr\/index.php\/produit\/nacelle-articulee-za20jert-22m\/#primaryimage","url":"https:\/\/gtloc.fr\/wp-content\/uploads\/2023\/12\/ZA20JERT-Li-\u6700\u9ad8\u59ff\u6001-\u53f3\u89c6\u56fe.png","contentUrl":"https:\/\/gtloc.fr\/wp-content\/uploads\/2023\/12\/ZA20JERT-Li-\u6700\u9ad8\u59ff\u6001-\u53f3\u89c6\u56fe.png","width":4000,"height":2933},{"@type":"BreadcrumbList","@id":"https:\/\/gtloc.fr\/index.php\/produit\/nacelle-articulee-za20jert-22m\/#breadcrumb","itemListElement":[{"@type":"ListItem","position":1,"name":"Accueil","item":"https:\/\/gtloc.fr\/"},{"@type":"ListItem","position":2,"name":"Boutique","item":"https:\/\/gtloc.fr\/index.php\/boutique\/"},{"@type":"ListItem","position":3,"name":"Nacelle articul\u00e9e ZA20JERT 22m"}]},{"@type":"WebSite","@id":"https:\/\/gtloc.fr\/#website","url":"https:\/\/gtloc.fr\/","name":"gtloc","description":"","publisher":{"@id":"https:\/\/gtloc.fr\/#organization"},"potentialAction":[{"@type":"SearchAction","target":{"@type":"EntryPoint","urlTemplate":"https:\/\/gtloc.fr\/?s={search_term_string}"},"query-input":{"@type":"PropertyValueSpecification","valueRequired":true,"valueName":"search_term_string"}}],"inLanguage":"fr-FR"},{"@type":"Organization","@id":"https:\/\/gtloc.fr\/#organization","name":"gtloc","url":"https:\/\/gtloc.fr\/","logo":{"@type":"ImageObject","inLanguage":"fr-FR","@id":"https:\/\/gtloc.fr\/#\/schema\/logo\/image\/","url":"https:\/\/gtloc.fr\/wp-content\/uploads\/2023\/09\/GT-Loc_logo_long-01-1-sans-fond.png","contentUrl":"https:\/\/gtloc.fr\/wp-content\/uploads\/2023\/09\/GT-Loc_logo_long-01-1-sans-fond.png","width":6193,"height":2953,"caption":"gtloc"},"image":{"@id":"https:\/\/gtloc.fr\/#\/schema\/logo\/image\/"}}]}},"_links":{"self":[{"href":"https:\/\/gtloc.fr\/index.php\/wp-json\/wp\/v2\/product\/1726","targetHints":{"allow":["GET"]}}],"collection":[{"href":"https:\/\/gtloc.fr\/index.php\/wp-json\/wp\/v2\/product"}],"about":[{"href":"https:\/\/gtloc.fr\/index.php\/wp-json\/wp\/v2\/types\/product"}],"version-history":[{"count":2,"href":"https:\/\/gtloc.fr\/index.php\/wp-json\/wp\/v2\/product\/1726\/revisions"}],"predecessor-version":[{"id":1732,"href":"https:\/\/gtloc.fr\/index.php\/wp-json\/wp\/v2\/product\/1726\/revisions\/1732"}],"wp:featuredmedia":[{"embeddable":true,"href":"https:\/\/gtloc.fr\/index.php\/wp-json\/wp\/v2\/media\/1727"}],"wp:attachment":[{"href":"https:\/\/gtloc.fr\/index.php\/wp-json\/wp\/v2\/media?parent=1726"}],"wp:term":[{"taxonomy":"product_brand","embeddable":true,"href":"https:\/\/gtloc.fr\/index.php\/wp-json\/wp\/v2\/product_brand?post=1726"},{"taxonomy":"product_cat","embeddable":true,"href":"https:\/\/gtloc.fr\/index.php\/wp-json\/wp\/v2\/product_cat?post=1726"},{"taxonomy":"product_tag","embeddable":true,"href":"https:\/\/gtloc.fr\/index.php\/wp-json\/wp\/v2\/product_tag?post=1726"}],"curies":[{"name":"wp","href":"https:\/\/api.w.org\/{rel}","templated":true}]}}