{"id":1731,"date":"2023-12-28T10:37:52","date_gmt":"2023-12-28T09:37:52","guid":{"rendered":"https:\/\/gtloc.fr\/?post_type=product&#038;p=1731"},"modified":"2024-01-24T09:57:30","modified_gmt":"2024-01-24T08:57:30","slug":"nacelle-telescopique-zt38je-40m","status":"publish","type":"product","link":"https:\/\/gtloc.fr\/index.php\/produit\/nacelle-telescopique-zt38je-40m\/","title":{"rendered":"Nacelle t\u00e9lescopique ZT38JE 40m"},"content":{"rendered":"<h2><strong><span class=\"OYPEnA text-decoration-none text-strikethrough-none\">CARACT\u00c9RISTIQUES<\/span><\/strong><\/h2>\n<p>&nbsp;<\/p>\n<p class=\"cvGsUA direction-ltr align-start para-style-body\"><span class=\"OYPEnA text-decoration-none text-strikethrough-none\">Klaxon<\/span><\/p>\n<p class=\"cvGsUA direction-ltr align-start para-style-body\"><span class=\"OYPEnA text-decoration-none text-strikethrough-none\">Commandes proportionnelles<\/span><\/p>\n<p class=\"cvGsUA direction-ltr align-start para-style-body\"><span class=\"OYPEnA text-decoration-none text-strikethrough-none\">Alarme de d\u00e9vers<\/span><\/p>\n<p class=\"cvGsUA direction-ltr align-start para-style-body\"><span class=\"OYPEnA text-decoration-none text-strikethrough-none\">Phare clignotant jaune<\/span><\/p>\n<p class=\"cvGsUA direction-ltr align-justify para-style-body\"><span class=\"OYPEnA text-decoration-none text-strikethrough-none\">Portillon panier \u00e0 fermeture automatique Syst\u00e8me de descente de secours<\/span><\/p>\n<p class=\"cvGsUA direction-ltr align-start para-style-body\"><span class=\"OYPEnA text-decoration-none text-strikethrough-none\">Syst\u00e8me d\u2019arr\u00eat d\u2019urgence<\/span><\/p>\n<p class=\"cvGsUA direction-ltr align-start para-style-body\"><span class=\"OYPEnA text-decoration-none text-strikethrough-none\">Syst\u00e8me de mise \u00e0 niveau automatique Syst\u00e8me de diagnostic embarqu\u00e9<\/span><\/p>\n<p class=\"cvGsUA direction-ltr align-justify para-style-body\"><span class=\"OYPEnA text-decoration-none text-strikethrough-none\">Syst\u00e8me de protection contre l\u2019inclinaison Essieu oscillant<\/span><\/p>\n<p class=\"cvGsUA direction-ltr align-start para-style-body\"><span class=\"OYPEnA text-decoration-none text-strikethrough-none\">Syst\u00e8me de d\u00e9tection de charge<\/span><\/p>\n<p class=\"cvGsUA direction-ltr align-start para-style-body\"><span class=\"OYPEnA text-decoration-none text-strikethrough-none\">\u00c9cran 4,3&#8221; LED<\/span><\/p>\n<p>&nbsp;<\/p>\n<h2><strong><span class=\"OYPEnA text-decoration-none text-strikethrough-none\">LES POINTS FORTS<\/span><\/strong><\/h2>\n<p>&nbsp;<\/p>\n<p class=\"cvGsUA direction-ltr align-start para-style-body\"><span class=\"OYPEnA text-decoration-none text-strikethrough-none\">Technologie de diminution du poids mort du syst\u00e8me<\/span><\/p>\n<p class=\"cvGsUA direction-ltr align-end para-style-body\"><span class=\"OYPEnA text-decoration-none text-strikethrough-none\">hydraulique \u00e0 haut rendement et \u00e0 faible consommation<\/span><\/p>\n<p class=\"cvGsUA direction-ltr align-start para-style-body\"><span class=\"OYPEnA text-decoration-none text-strikethrough-none\">d&#8217;\u00e9nergie, permettant d&#8217;\u00e9conomiser 23,6% d&#8217;\u00e9nergie ;<\/span><\/p>\n<p class=\"cvGsUA direction-ltr align-start para-style-body\"><span class=\"OYPEnA text-decoration-none text-strikethrough-none\">technologie de contr\u00f4le de la d\u00e9tection de la charge,<\/span><\/p>\n<p class=\"cvGsUA direction-ltr align-start para-style-body\"><span class=\"OYPEnA text-decoration-none text-strikethrough-none\">permettant d&#8217;\u00e9conomiser 13,8 % d&#8217;\u00e9nergie.<\/span><\/p>\n<p class=\"cvGsUA direction-rtl align-start para-style-body\">\n<p class=\"cvGsUA direction-ltr align-start para-style-body\"><span class=\"OYPEnA text-decoration-none text-strikethrough-none\">Le syst\u00e8me d&#8217;alimentation s\u00fbr et fiable de la batterie au<\/span><\/p>\n<p class=\"cvGsUA direction-ltr align-start para-style-body\"><span class=\"OYPEnA text-decoration-none text-strikethrough-none\">lithium, dot\u00e9 des fonctions BMS de r\u00e9chauffage \u00e0 basse<\/span><\/p>\n<p class=\"cvGsUA direction-ltr align-start para-style-body\"><span class=\"OYPEnA text-decoration-none text-strikethrough-none\">temp\u00e9rature et de contr\u00f4le du courant de charge \u00e0 basse<\/span><\/p>\n<p class=\"cvGsUA direction-ltr align-start para-style-body\"><span class=\"OYPEnA text-decoration-none text-strikethrough-none\">temp\u00e9rature, am\u00e9liore la dur\u00e9e de vie de la batterie de 30%<\/span><\/p>\n<p class=\"cvGsUA direction-ltr align-start para-style-body\"><span class=\"OYPEnA text-decoration-none text-strikethrough-none\">et s&#8217;adapte \u00e0 un environnement froid de -20 <\/span><span class=\"OYPEnA text-decoration-none text-strikethrough-none\">\u2103<\/span><span class=\"OYPEnA text-decoration-none text-strikethrough-none\">.<\/span><\/p>\n<p class=\"cvGsUA direction-rtl align-start para-style-body\">\n<p class=\"cvGsUA direction-ltr align-start para-style-body\"><span class=\"OYPEnA text-decoration-none text-strikethrough-none\">Syst\u00e8me d&#8217;entra\u00eenement CA c\u00f4t\u00e9 roue, sans entretien,<\/span><\/p>\n<p class=\"cvGsUA direction-ltr align-start para-style-body\"><span class=\"OYPEnA text-decoration-none text-strikethrough-none\">permettant de gravir une pente maximale de 45%.<\/span><\/p>\n<p class=\"cvGsUA direction-rtl align-start para-style-body\">\n<p class=\"cvGsUA direction-ltr align-start para-style-body\"><span class=\"OYPEnA text-decoration-none text-strikethrough-none\">Chargeur adaptable \u00e0 pleine tension 220 V\/380 V &#8211; les trois<\/span><\/p>\n<p class=\"cvGsUA direction-ltr align-start para-style-body\"><span class=\"OYPEnA text-decoration-none text-strikethrough-none\">prises de charge les plus courantes 10 A, 16 A, 32 A sont<\/span><\/p>\n<p class=\"cvGsUA direction-ltr align-start para-style-body\"><span class=\"OYPEnA text-decoration-none text-strikethrough-none\">jumel\u00e9es \u00e0 la prise de signal correspondante sur la t\u00eate de<\/span><\/p>\n<p class=\"cvGsUA direction-ltr align-start para-style-body\"><span class=\"OYPEnA text-decoration-none text-strikethrough-none\">charge, ce qui permet d&#8217;adapter le mode de charge et la<\/span><\/p>\n<p class=\"cvGsUA direction-ltr align-start para-style-body\"><span class=\"OYPEnA text-decoration-none text-strikethrough-none\">puissance de charge.<\/span><\/p>\n<p>&nbsp;<\/p>\n<h2><strong><span class=\"OYPEnA text-decoration-none text-strikethrough-none\">Options et accessoires<\/span><\/strong><\/h2>\n<p>&nbsp;<\/p>\n<p class=\"cvGsUA direction-ltr align-start para-style-body\"><span class=\"OYPEnA text-decoration-none text-strikethrough-none\">\u00c9clairage de la plate-forme<\/span><\/p>\n<p class=\"cvGsUA direction-ltr align-start para-style-body\"><span class=\"OYPEnA text-decoration-none text-strikethrough-none\">Levier de s\u00e9curit\u00e9 anticollision<\/span><\/p>\n<p class=\"cvGsUA direction-ltr align-start para-style-body\"><span class=\"OYPEnA text-decoration-none text-strikethrough-none\">Alimentation CA de la plate-forme<\/span><\/p>\n","protected":false},"excerpt":{"rendered":"<p>CARACT\u00c9RISTIQUES &nbsp; Klaxon Commandes proportionnelles Alarme de d\u00e9vers Phare clignotant jaune Portillon panier \u00e0 fermeture automatique Syst\u00e8me de descente de secours Syst\u00e8me d\u2019arr\u00eat d\u2019urgence Syst\u00e8me de mise \u00e0 niveau automatique Syst\u00e8me de diagnostic embarqu\u00e9 Syst\u00e8me de protection contre l\u2019inclinaison Essieu oscillant Syst\u00e8me de d\u00e9tection de charge \u00c9cran 4,3&#8221; LED &nbsp; LES POINTS FORTS &nbsp; Technologie [&hellip;]<\/p>\n","protected":false},"featured_media":1739,"template":"","meta":{"_acf_changed":false},"product_brand":[],"product_cat":[21],"product_tag":[],"class_list":{"0":"post-1731","1":"product","2":"type-product","3":"status-publish","4":"has-post-thumbnail","6":"product_cat-zero-emission","8":"first","9":"instock","10":"featured","11":"shipping-taxable","12":"purchasable","13":"product-type-simple"},"acf":[],"yoast_head":"<!-- This site is optimized with the Yoast SEO plugin v27.4 - https:\/\/yoast.com\/product\/yoast-seo-wordpress\/ -->\n<title>Nacelle t\u00e9lescopique ZT38JE 40m - gtloc<\/title>\n<meta name=\"description\" content=\"Nacelle t\u00e9lescopique \u00e9lectrique de 40m, 4x4, symbole de hauteur, de performance et de polyvalence sur tous les terrains. Cette engin fiable offre une port\u00e9e impressionnante et une adaptabilit\u00e9 exceptionnelle pour vos travaux en hauteur, quel que soit le chantier.\" \/>\n<meta name=\"robots\" content=\"index, follow, max-snippet:-1, max-image-preview:large, max-video-preview:-1\" \/>\n<link rel=\"canonical\" href=\"https:\/\/gtloc.fr\/index.php\/produit\/nacelle-telescopique-zt38je-40m\/\" \/>\n<meta property=\"og:locale\" content=\"fr_FR\" \/>\n<meta property=\"og:type\" content=\"article\" \/>\n<meta property=\"og:title\" content=\"Nacelle t\u00e9lescopique ZT38JE 40m - gtloc\" \/>\n<meta property=\"og:description\" content=\"Nacelle t\u00e9lescopique \u00e9lectrique de 40m, 4x4, symbole de hauteur, de performance et de polyvalence sur tous les terrains. Cette engin fiable offre une port\u00e9e impressionnante et une adaptabilit\u00e9 exceptionnelle pour vos travaux en hauteur, quel que soit le chantier.\" \/>\n<meta property=\"og:url\" content=\"https:\/\/gtloc.fr\/index.php\/produit\/nacelle-telescopique-zt38je-40m\/\" \/>\n<meta property=\"og:site_name\" content=\"gtloc\" \/>\n<meta property=\"article:modified_time\" content=\"2024-01-24T08:57:30+00:00\" \/>\n<meta property=\"og:image\" content=\"https:\/\/gtloc.fr\/wp-content\/uploads\/2023\/12\/ZT38JE-HVIT-BAKGRUNN-2048x1502-1.jpg\" \/>\n\t<meta property=\"og:image:width\" content=\"2048\" \/>\n\t<meta property=\"og:image:height\" content=\"1502\" \/>\n\t<meta property=\"og:image:type\" content=\"image\/jpeg\" \/>\n<meta name=\"twitter:card\" content=\"summary_large_image\" \/>\n<meta name=\"twitter:label1\" content=\"Dur\u00e9e de lecture estim\u00e9e\" \/>\n\t<meta name=\"twitter:data1\" content=\"2 minutes\" \/>\n<script type=\"application\/ld+json\" class=\"yoast-schema-graph\">{\"@context\":\"https:\\\/\\\/schema.org\",\"@graph\":[{\"@type\":\"WebPage\",\"@id\":\"https:\\\/\\\/gtloc.fr\\\/index.php\\\/produit\\\/nacelle-telescopique-zt38je-40m\\\/\",\"url\":\"https:\\\/\\\/gtloc.fr\\\/index.php\\\/produit\\\/nacelle-telescopique-zt38je-40m\\\/\",\"name\":\"Nacelle t\u00e9lescopique ZT38JE 40m - gtloc\",\"isPartOf\":{\"@id\":\"https:\\\/\\\/gtloc.fr\\\/#website\"},\"primaryImageOfPage\":{\"@id\":\"https:\\\/\\\/gtloc.fr\\\/index.php\\\/produit\\\/nacelle-telescopique-zt38je-40m\\\/#primaryimage\"},\"image\":{\"@id\":\"https:\\\/\\\/gtloc.fr\\\/index.php\\\/produit\\\/nacelle-telescopique-zt38je-40m\\\/#primaryimage\"},\"thumbnailUrl\":\"https:\\\/\\\/gtloc.fr\\\/wp-content\\\/uploads\\\/2023\\\/12\\\/ZT38JE-HVIT-BAKGRUNN-2048x1502-1.jpg\",\"datePublished\":\"2023-12-28T09:37:52+00:00\",\"dateModified\":\"2024-01-24T08:57:30+00:00\",\"description\":\"Nacelle t\u00e9lescopique \u00e9lectrique de 40m, 4x4, symbole de hauteur, de performance et de polyvalence sur tous les terrains. Cette engin fiable offre une port\u00e9e impressionnante et une adaptabilit\u00e9 exceptionnelle pour vos travaux en hauteur, quel que soit le chantier.\",\"breadcrumb\":{\"@id\":\"https:\\\/\\\/gtloc.fr\\\/index.php\\\/produit\\\/nacelle-telescopique-zt38je-40m\\\/#breadcrumb\"},\"inLanguage\":\"fr-FR\",\"potentialAction\":[{\"@type\":\"ReadAction\",\"target\":[\"https:\\\/\\\/gtloc.fr\\\/index.php\\\/produit\\\/nacelle-telescopique-zt38je-40m\\\/\"]}]},{\"@type\":\"ImageObject\",\"inLanguage\":\"fr-FR\",\"@id\":\"https:\\\/\\\/gtloc.fr\\\/index.php\\\/produit\\\/nacelle-telescopique-zt38je-40m\\\/#primaryimage\",\"url\":\"https:\\\/\\\/gtloc.fr\\\/wp-content\\\/uploads\\\/2023\\\/12\\\/ZT38JE-HVIT-BAKGRUNN-2048x1502-1.jpg\",\"contentUrl\":\"https:\\\/\\\/gtloc.fr\\\/wp-content\\\/uploads\\\/2023\\\/12\\\/ZT38JE-HVIT-BAKGRUNN-2048x1502-1.jpg\",\"width\":2048,\"height\":1502},{\"@type\":\"BreadcrumbList\",\"@id\":\"https:\\\/\\\/gtloc.fr\\\/index.php\\\/produit\\\/nacelle-telescopique-zt38je-40m\\\/#breadcrumb\",\"itemListElement\":[{\"@type\":\"ListItem\",\"position\":1,\"name\":\"Accueil\",\"item\":\"https:\\\/\\\/gtloc.fr\\\/\"},{\"@type\":\"ListItem\",\"position\":2,\"name\":\"Boutique\",\"item\":\"https:\\\/\\\/gtloc.fr\\\/index.php\\\/boutique\\\/\"},{\"@type\":\"ListItem\",\"position\":3,\"name\":\"Nacelle t\u00e9lescopique ZT38JE 40m\"}]},{\"@type\":\"WebSite\",\"@id\":\"https:\\\/\\\/gtloc.fr\\\/#website\",\"url\":\"https:\\\/\\\/gtloc.fr\\\/\",\"name\":\"gtloc\",\"description\":\"\",\"publisher\":{\"@id\":\"https:\\\/\\\/gtloc.fr\\\/#organization\"},\"potentialAction\":[{\"@type\":\"SearchAction\",\"target\":{\"@type\":\"EntryPoint\",\"urlTemplate\":\"https:\\\/\\\/gtloc.fr\\\/?s={search_term_string}\"},\"query-input\":{\"@type\":\"PropertyValueSpecification\",\"valueRequired\":true,\"valueName\":\"search_term_string\"}}],\"inLanguage\":\"fr-FR\"},{\"@type\":\"Organization\",\"@id\":\"https:\\\/\\\/gtloc.fr\\\/#organization\",\"name\":\"gtloc\",\"url\":\"https:\\\/\\\/gtloc.fr\\\/\",\"logo\":{\"@type\":\"ImageObject\",\"inLanguage\":\"fr-FR\",\"@id\":\"https:\\\/\\\/gtloc.fr\\\/#\\\/schema\\\/logo\\\/image\\\/\",\"url\":\"https:\\\/\\\/gtloc.fr\\\/wp-content\\\/uploads\\\/2023\\\/09\\\/GT-Loc_logo_long-01-1-sans-fond.png\",\"contentUrl\":\"https:\\\/\\\/gtloc.fr\\\/wp-content\\\/uploads\\\/2023\\\/09\\\/GT-Loc_logo_long-01-1-sans-fond.png\",\"width\":6193,\"height\":2953,\"caption\":\"gtloc\"},\"image\":{\"@id\":\"https:\\\/\\\/gtloc.fr\\\/#\\\/schema\\\/logo\\\/image\\\/\"}}]}<\/script>\n<!-- \/ Yoast SEO plugin. -->","yoast_head_json":{"title":"Nacelle t\u00e9lescopique ZT38JE 40m - gtloc","description":"Nacelle t\u00e9lescopique \u00e9lectrique de 40m, 4x4, symbole de hauteur, de performance et de polyvalence sur tous les terrains. Cette engin fiable offre une port\u00e9e impressionnante et une adaptabilit\u00e9 exceptionnelle pour vos travaux en hauteur, quel que soit le chantier.","robots":{"index":"index","follow":"follow","max-snippet":"max-snippet:-1","max-image-preview":"max-image-preview:large","max-video-preview":"max-video-preview:-1"},"canonical":"https:\/\/gtloc.fr\/index.php\/produit\/nacelle-telescopique-zt38je-40m\/","og_locale":"fr_FR","og_type":"article","og_title":"Nacelle t\u00e9lescopique ZT38JE 40m - gtloc","og_description":"Nacelle t\u00e9lescopique \u00e9lectrique de 40m, 4x4, symbole de hauteur, de performance et de polyvalence sur tous les terrains. Cette engin fiable offre une port\u00e9e impressionnante et une adaptabilit\u00e9 exceptionnelle pour vos travaux en hauteur, quel que soit le chantier.","og_url":"https:\/\/gtloc.fr\/index.php\/produit\/nacelle-telescopique-zt38je-40m\/","og_site_name":"gtloc","article_modified_time":"2024-01-24T08:57:30+00:00","og_image":[{"width":2048,"height":1502,"url":"https:\/\/gtloc.fr\/wp-content\/uploads\/2023\/12\/ZT38JE-HVIT-BAKGRUNN-2048x1502-1.jpg","type":"image\/jpeg"}],"twitter_card":"summary_large_image","twitter_misc":{"Dur\u00e9e de lecture estim\u00e9e":"2 minutes"},"schema":{"@context":"https:\/\/schema.org","@graph":[{"@type":"WebPage","@id":"https:\/\/gtloc.fr\/index.php\/produit\/nacelle-telescopique-zt38je-40m\/","url":"https:\/\/gtloc.fr\/index.php\/produit\/nacelle-telescopique-zt38je-40m\/","name":"Nacelle t\u00e9lescopique ZT38JE 40m - gtloc","isPartOf":{"@id":"https:\/\/gtloc.fr\/#website"},"primaryImageOfPage":{"@id":"https:\/\/gtloc.fr\/index.php\/produit\/nacelle-telescopique-zt38je-40m\/#primaryimage"},"image":{"@id":"https:\/\/gtloc.fr\/index.php\/produit\/nacelle-telescopique-zt38je-40m\/#primaryimage"},"thumbnailUrl":"https:\/\/gtloc.fr\/wp-content\/uploads\/2023\/12\/ZT38JE-HVIT-BAKGRUNN-2048x1502-1.jpg","datePublished":"2023-12-28T09:37:52+00:00","dateModified":"2024-01-24T08:57:30+00:00","description":"Nacelle t\u00e9lescopique \u00e9lectrique de 40m, 4x4, symbole de hauteur, de performance et de polyvalence sur tous les terrains. Cette engin fiable offre une port\u00e9e impressionnante et une adaptabilit\u00e9 exceptionnelle pour vos travaux en hauteur, quel que soit le chantier.","breadcrumb":{"@id":"https:\/\/gtloc.fr\/index.php\/produit\/nacelle-telescopique-zt38je-40m\/#breadcrumb"},"inLanguage":"fr-FR","potentialAction":[{"@type":"ReadAction","target":["https:\/\/gtloc.fr\/index.php\/produit\/nacelle-telescopique-zt38je-40m\/"]}]},{"@type":"ImageObject","inLanguage":"fr-FR","@id":"https:\/\/gtloc.fr\/index.php\/produit\/nacelle-telescopique-zt38je-40m\/#primaryimage","url":"https:\/\/gtloc.fr\/wp-content\/uploads\/2023\/12\/ZT38JE-HVIT-BAKGRUNN-2048x1502-1.jpg","contentUrl":"https:\/\/gtloc.fr\/wp-content\/uploads\/2023\/12\/ZT38JE-HVIT-BAKGRUNN-2048x1502-1.jpg","width":2048,"height":1502},{"@type":"BreadcrumbList","@id":"https:\/\/gtloc.fr\/index.php\/produit\/nacelle-telescopique-zt38je-40m\/#breadcrumb","itemListElement":[{"@type":"ListItem","position":1,"name":"Accueil","item":"https:\/\/gtloc.fr\/"},{"@type":"ListItem","position":2,"name":"Boutique","item":"https:\/\/gtloc.fr\/index.php\/boutique\/"},{"@type":"ListItem","position":3,"name":"Nacelle t\u00e9lescopique ZT38JE 40m"}]},{"@type":"WebSite","@id":"https:\/\/gtloc.fr\/#website","url":"https:\/\/gtloc.fr\/","name":"gtloc","description":"","publisher":{"@id":"https:\/\/gtloc.fr\/#organization"},"potentialAction":[{"@type":"SearchAction","target":{"@type":"EntryPoint","urlTemplate":"https:\/\/gtloc.fr\/?s={search_term_string}"},"query-input":{"@type":"PropertyValueSpecification","valueRequired":true,"valueName":"search_term_string"}}],"inLanguage":"fr-FR"},{"@type":"Organization","@id":"https:\/\/gtloc.fr\/#organization","name":"gtloc","url":"https:\/\/gtloc.fr\/","logo":{"@type":"ImageObject","inLanguage":"fr-FR","@id":"https:\/\/gtloc.fr\/#\/schema\/logo\/image\/","url":"https:\/\/gtloc.fr\/wp-content\/uploads\/2023\/09\/GT-Loc_logo_long-01-1-sans-fond.png","contentUrl":"https:\/\/gtloc.fr\/wp-content\/uploads\/2023\/09\/GT-Loc_logo_long-01-1-sans-fond.png","width":6193,"height":2953,"caption":"gtloc"},"image":{"@id":"https:\/\/gtloc.fr\/#\/schema\/logo\/image\/"}}]}},"_links":{"self":[{"href":"https:\/\/gtloc.fr\/index.php\/wp-json\/wp\/v2\/product\/1731","targetHints":{"allow":["GET"]}}],"collection":[{"href":"https:\/\/gtloc.fr\/index.php\/wp-json\/wp\/v2\/product"}],"about":[{"href":"https:\/\/gtloc.fr\/index.php\/wp-json\/wp\/v2\/types\/product"}],"version-history":[{"count":2,"href":"https:\/\/gtloc.fr\/index.php\/wp-json\/wp\/v2\/product\/1731\/revisions"}],"predecessor-version":[{"id":1742,"href":"https:\/\/gtloc.fr\/index.php\/wp-json\/wp\/v2\/product\/1731\/revisions\/1742"}],"wp:featuredmedia":[{"embeddable":true,"href":"https:\/\/gtloc.fr\/index.php\/wp-json\/wp\/v2\/media\/1739"}],"wp:attachment":[{"href":"https:\/\/gtloc.fr\/index.php\/wp-json\/wp\/v2\/media?parent=1731"}],"wp:term":[{"taxonomy":"product_brand","embeddable":true,"href":"https:\/\/gtloc.fr\/index.php\/wp-json\/wp\/v2\/product_brand?post=1731"},{"taxonomy":"product_cat","embeddable":true,"href":"https:\/\/gtloc.fr\/index.php\/wp-json\/wp\/v2\/product_cat?post=1731"},{"taxonomy":"product_tag","embeddable":true,"href":"https:\/\/gtloc.fr\/index.php\/wp-json\/wp\/v2\/product_tag?post=1731"}],"curies":[{"name":"wp","href":"https:\/\/api.w.org\/{rel}","templated":true}]}}