{"id":1773,"date":"2023-12-29T17:43:14","date_gmt":"2023-12-29T16:43:14","guid":{"rendered":"https:\/\/gtloc.fr\/?post_type=product&#038;p=1773"},"modified":"2024-01-24T09:57:09","modified_gmt":"2024-01-24T08:57:09","slug":"nacelle-ciseaux-zs1012ac-12m","status":"publish","type":"product","link":"https:\/\/gtloc.fr\/index.php\/produit\/nacelle-ciseaux-zs1012ac-12m\/","title":{"rendered":"Nacelle ciseaux ZS1012AC 12m"},"content":{"rendered":"<h2><strong><span class=\"OYPEnA text-decoration-none text-strikethrough-none\">Caract\u00e9ristiques<\/span><\/strong><\/h2>\n<p>&nbsp;<\/p>\n<div class=\"item\">\n<div class=\"cont_box fix con16\">\n<p><span>BMS (syst\u00e8me de gestion de batterie) \u00a0 \u00a0<\/span><\/p>\n<p><span>Contr\u00f4les proportionnels \u00a0 \u00a0<\/span><\/p>\n<p><span>Alarme de tous les mouvements \u00a0 \u00a0<\/span><\/p>\n<p><span>Mains courantes rabattables \u00a0 \u00a0<\/span><\/p>\n<p><span>Gyrophare \u00a0 \u00a0<\/span><\/p>\n<p><span>Portail d&#8217;entr\u00e9e \u00e0 fermeture automatique \u00a0 \u00a0<\/span><\/p>\n<p><span>Syst\u00e8me de d\u00e9tection de charge \u00a0 \u00a0<\/span><\/p>\n<p><span>Syst\u00e8me de freinage automatique \u00a0 \u00a0<\/span><\/p>\n<p><span>Syst\u00e8me de descente d&#8217;urgence \u00a0 \u00a0<\/span><\/p>\n<p><span>Bouton d&#8217;arr\u00eat d&#8217;urgence \u00a0 \u00a0<\/span><\/p>\n<p><span>Diagnostic embarqu\u00e9 \u00a0 \u00a0<\/span><\/p>\n<p><span>Syst\u00e8me de protection contre le basculement \u00a0 \u00a0<\/span><\/p>\n<p><span>Syst\u00e8me de protection actif contre les nids-de-poule \u00a0 \u00a0<\/span><\/p>\n<p><span>Alimentation CA vers la plateforme \u00a0 \u00a0<\/span><\/p>\n<p><span>Conduite \u00e0 pleine hauteur \u00a0 \u00a0<\/span><\/p>\n<p><span>Compteur horaire \u00a0 \u00a0<\/span><\/p>\n<p><span>Pont d&#8217;extension (unidirectionnel) \u00a0 \u00a0<\/span><\/p>\n<p><span>Syst\u00e8me de protection de charge \u00a0 \u00a0<\/span><\/p>\n<p><span>Support d&#8217;entretien des ciseaux \u00a0 \u00a0<\/span><\/p>\n<p><span>Passages pour chariots \u00e9l\u00e9vateurs \u00a0 \u00a0<\/span><\/p>\n<p><span>Corne<\/span><\/p>\n<\/div>\n<\/div>\n<p>&nbsp;<\/p>\n<h2><span class=\"OYPEnA text-decoration-none text-strikethrough-none\">Les points forts<\/span><\/h2>\n<p>&nbsp;<\/p>\n<p><span>Haute performance<\/span><\/p>\n<p><span>Le syst\u00e8me AC offre une efficacit\u00e9 de travail plus \u00e9lev\u00e9e\u00a0;<\/span><\/p>\n<p><span>IP67 a atteint que le moteur \u00e0 courant alternatif offre une dur\u00e9e de vie plus longue\u00a0;<\/span><\/p>\n<p><span>Les batteries lithium-ion ont une longue dur\u00e9e de vie, la dur\u00e9e de fonctionnement augmente de 30 % et peuvent s&#8217;appliquer \u00e0 des conditions de travail \u00e0 froid de -20 \u2103.<\/span><\/p>\n<p><span>Rentabilit\u00e9<\/span><\/p>\n<p><span>Articulations sans lubrification et sans entretien\u00a0;<\/span><\/p>\n<p><span>Moteur \u00e0 courant alternatif sans entretien pendant tout son cycle de vie\u00a0;<\/span><\/p>\n<p><span>Plateau pivotant facile \u00e0 entretenir.<\/span><\/p>\n<p><span>Connectivit\u00e9 intelligente<\/span><\/p>\n<p><span>Le syst\u00e8me de gestion de batterie (BMS) + le syst\u00e8me de contr\u00f4le de la machine offrent une double protection<\/span><\/p>\n<p>&nbsp;<\/p>\n<h2><strong><span class=\"OYPEnA text-decoration-none text-strikethrough-none\" data-darkreader-inline-color=\"\">Options et accessoires<\/span><\/strong><\/h2>\n<p>&nbsp;<\/p>\n<p><span>Lampes de travail pour plate-forme \u00a0 \u00a0<\/span><\/p>\n<p><span>Compagnie a\u00e9rienne \u00e0 plate-forme \u00a0 \u00a0<\/span><\/p>\n<p><span>Barre de protection a\u00e9rienne\u00a0<\/span><\/p>\n","protected":false},"excerpt":{"rendered":"<p>Caract\u00e9ristiques &nbsp; BMS (syst\u00e8me de gestion de batterie) \u00a0 \u00a0 Contr\u00f4les proportionnels \u00a0 \u00a0 Alarme de tous les mouvements \u00a0 \u00a0 Mains courantes rabattables \u00a0 \u00a0 Gyrophare \u00a0 \u00a0 Portail d&#8217;entr\u00e9e \u00e0 fermeture automatique \u00a0 \u00a0 Syst\u00e8me de d\u00e9tection de charge \u00a0 \u00a0 Syst\u00e8me de freinage automatique \u00a0 \u00a0 Syst\u00e8me de descente d&#8217;urgence \u00a0 \u00a0 [&hellip;]<\/p>\n","protected":false},"featured_media":1776,"template":"","meta":{"_acf_changed":false},"product_brand":[],"product_cat":[21],"product_tag":[],"class_list":{"0":"post-1773","1":"product","2":"type-product","3":"status-publish","4":"has-post-thumbnail","6":"product_cat-zero-emission","8":"first","9":"instock","10":"featured","11":"shipping-taxable","12":"purchasable","13":"product-type-simple"},"acf":[],"yoast_head":"<!-- This site is optimized with the Yoast SEO plugin v27.5 - https:\/\/yoast.com\/product\/yoast-seo-wordpress\/ -->\n<title>Nacelle ciseaux ZS1012AC 12m - gtloc<\/title>\n<meta name=\"description\" content=\"Nacelle ciseaux \u00e9lectrique de 12 m\u00e8tres, con\u00e7ue pour des travaux en hauteur avec pr\u00e9cision et s\u00e9curit\u00e9. Polyvalente et fiable, cette nacelle \u00e9lectrique offre une port\u00e9e sup\u00e9rieure pour vos besoins.\" \/>\n<meta name=\"robots\" content=\"index, follow, max-snippet:-1, max-image-preview:large, max-video-preview:-1\" \/>\n<link rel=\"canonical\" href=\"https:\/\/gtloc.fr\/index.php\/produit\/nacelle-ciseaux-zs1012ac-12m\/\" \/>\n<meta property=\"og:locale\" content=\"fr_FR\" \/>\n<meta property=\"og:type\" content=\"article\" \/>\n<meta property=\"og:title\" content=\"Nacelle ciseaux ZS1012AC 12m - gtloc\" \/>\n<meta property=\"og:description\" content=\"Nacelle ciseaux \u00e9lectrique de 12 m\u00e8tres, con\u00e7ue pour des travaux en hauteur avec pr\u00e9cision et s\u00e9curit\u00e9. Polyvalente et fiable, cette nacelle \u00e9lectrique offre une port\u00e9e sup\u00e9rieure pour vos besoins.\" \/>\n<meta property=\"og:url\" content=\"https:\/\/gtloc.fr\/index.php\/produit\/nacelle-ciseaux-zs1012ac-12m\/\" \/>\n<meta property=\"og:site_name\" content=\"gtloc\" \/>\n<meta property=\"article:modified_time\" content=\"2024-01-24T08:57:09+00:00\" \/>\n<meta property=\"og:image\" content=\"https:\/\/gtloc.fr\/wp-content\/uploads\/2023\/12\/a5b61e9d7537489c8ce7cc003445f96f.jpg\" \/>\n\t<meta property=\"og:image:width\" content=\"490\" \/>\n\t<meta property=\"og:image:height\" content=\"264\" \/>\n\t<meta property=\"og:image:type\" content=\"image\/jpeg\" \/>\n<meta name=\"twitter:card\" content=\"summary_large_image\" \/>\n<meta name=\"twitter:label1\" content=\"Dur\u00e9e de lecture estim\u00e9e\" \/>\n\t<meta name=\"twitter:data1\" content=\"2 minutes\" \/>\n<script type=\"application\/ld+json\" class=\"yoast-schema-graph\">{\"@context\":\"https:\\\/\\\/schema.org\",\"@graph\":[{\"@type\":\"WebPage\",\"@id\":\"https:\\\/\\\/gtloc.fr\\\/index.php\\\/produit\\\/nacelle-ciseaux-zs1012ac-12m\\\/\",\"url\":\"https:\\\/\\\/gtloc.fr\\\/index.php\\\/produit\\\/nacelle-ciseaux-zs1012ac-12m\\\/\",\"name\":\"Nacelle ciseaux ZS1012AC 12m - gtloc\",\"isPartOf\":{\"@id\":\"https:\\\/\\\/gtloc.fr\\\/#website\"},\"primaryImageOfPage\":{\"@id\":\"https:\\\/\\\/gtloc.fr\\\/index.php\\\/produit\\\/nacelle-ciseaux-zs1012ac-12m\\\/#primaryimage\"},\"image\":{\"@id\":\"https:\\\/\\\/gtloc.fr\\\/index.php\\\/produit\\\/nacelle-ciseaux-zs1012ac-12m\\\/#primaryimage\"},\"thumbnailUrl\":\"https:\\\/\\\/gtloc.fr\\\/wp-content\\\/uploads\\\/2023\\\/12\\\/a5b61e9d7537489c8ce7cc003445f96f.jpg\",\"datePublished\":\"2023-12-29T16:43:14+00:00\",\"dateModified\":\"2024-01-24T08:57:09+00:00\",\"description\":\"Nacelle ciseaux \u00e9lectrique de 12 m\u00e8tres, con\u00e7ue pour des travaux en hauteur avec pr\u00e9cision et s\u00e9curit\u00e9. Polyvalente et fiable, cette nacelle \u00e9lectrique offre une port\u00e9e sup\u00e9rieure pour vos besoins.\",\"breadcrumb\":{\"@id\":\"https:\\\/\\\/gtloc.fr\\\/index.php\\\/produit\\\/nacelle-ciseaux-zs1012ac-12m\\\/#breadcrumb\"},\"inLanguage\":\"fr-FR\",\"potentialAction\":[{\"@type\":\"ReadAction\",\"target\":[\"https:\\\/\\\/gtloc.fr\\\/index.php\\\/produit\\\/nacelle-ciseaux-zs1012ac-12m\\\/\"]}]},{\"@type\":\"ImageObject\",\"inLanguage\":\"fr-FR\",\"@id\":\"https:\\\/\\\/gtloc.fr\\\/index.php\\\/produit\\\/nacelle-ciseaux-zs1012ac-12m\\\/#primaryimage\",\"url\":\"https:\\\/\\\/gtloc.fr\\\/wp-content\\\/uploads\\\/2023\\\/12\\\/a5b61e9d7537489c8ce7cc003445f96f.jpg\",\"contentUrl\":\"https:\\\/\\\/gtloc.fr\\\/wp-content\\\/uploads\\\/2023\\\/12\\\/a5b61e9d7537489c8ce7cc003445f96f.jpg\",\"width\":490,\"height\":264},{\"@type\":\"BreadcrumbList\",\"@id\":\"https:\\\/\\\/gtloc.fr\\\/index.php\\\/produit\\\/nacelle-ciseaux-zs1012ac-12m\\\/#breadcrumb\",\"itemListElement\":[{\"@type\":\"ListItem\",\"position\":1,\"name\":\"Accueil\",\"item\":\"https:\\\/\\\/gtloc.fr\\\/\"},{\"@type\":\"ListItem\",\"position\":2,\"name\":\"Boutique\",\"item\":\"https:\\\/\\\/gtloc.fr\\\/index.php\\\/boutique\\\/\"},{\"@type\":\"ListItem\",\"position\":3,\"name\":\"Nacelle ciseaux ZS1012AC 12m\"}]},{\"@type\":\"WebSite\",\"@id\":\"https:\\\/\\\/gtloc.fr\\\/#website\",\"url\":\"https:\\\/\\\/gtloc.fr\\\/\",\"name\":\"gtloc\",\"description\":\"\",\"publisher\":{\"@id\":\"https:\\\/\\\/gtloc.fr\\\/#organization\"},\"potentialAction\":[{\"@type\":\"SearchAction\",\"target\":{\"@type\":\"EntryPoint\",\"urlTemplate\":\"https:\\\/\\\/gtloc.fr\\\/?s={search_term_string}\"},\"query-input\":{\"@type\":\"PropertyValueSpecification\",\"valueRequired\":true,\"valueName\":\"search_term_string\"}}],\"inLanguage\":\"fr-FR\"},{\"@type\":\"Organization\",\"@id\":\"https:\\\/\\\/gtloc.fr\\\/#organization\",\"name\":\"gtloc\",\"url\":\"https:\\\/\\\/gtloc.fr\\\/\",\"logo\":{\"@type\":\"ImageObject\",\"inLanguage\":\"fr-FR\",\"@id\":\"https:\\\/\\\/gtloc.fr\\\/#\\\/schema\\\/logo\\\/image\\\/\",\"url\":\"https:\\\/\\\/gtloc.fr\\\/wp-content\\\/uploads\\\/2023\\\/09\\\/GT-Loc_logo_long-01-1-sans-fond.png\",\"contentUrl\":\"https:\\\/\\\/gtloc.fr\\\/wp-content\\\/uploads\\\/2023\\\/09\\\/GT-Loc_logo_long-01-1-sans-fond.png\",\"width\":6193,\"height\":2953,\"caption\":\"gtloc\"},\"image\":{\"@id\":\"https:\\\/\\\/gtloc.fr\\\/#\\\/schema\\\/logo\\\/image\\\/\"}}]}<\/script>\n<!-- \/ Yoast SEO plugin. -->","yoast_head_json":{"title":"Nacelle ciseaux ZS1012AC 12m - gtloc","description":"Nacelle ciseaux \u00e9lectrique de 12 m\u00e8tres, con\u00e7ue pour des travaux en hauteur avec pr\u00e9cision et s\u00e9curit\u00e9. Polyvalente et fiable, cette nacelle \u00e9lectrique offre une port\u00e9e sup\u00e9rieure pour vos besoins.","robots":{"index":"index","follow":"follow","max-snippet":"max-snippet:-1","max-image-preview":"max-image-preview:large","max-video-preview":"max-video-preview:-1"},"canonical":"https:\/\/gtloc.fr\/index.php\/produit\/nacelle-ciseaux-zs1012ac-12m\/","og_locale":"fr_FR","og_type":"article","og_title":"Nacelle ciseaux ZS1012AC 12m - gtloc","og_description":"Nacelle ciseaux \u00e9lectrique de 12 m\u00e8tres, con\u00e7ue pour des travaux en hauteur avec pr\u00e9cision et s\u00e9curit\u00e9. Polyvalente et fiable, cette nacelle \u00e9lectrique offre une port\u00e9e sup\u00e9rieure pour vos besoins.","og_url":"https:\/\/gtloc.fr\/index.php\/produit\/nacelle-ciseaux-zs1012ac-12m\/","og_site_name":"gtloc","article_modified_time":"2024-01-24T08:57:09+00:00","og_image":[{"width":490,"height":264,"url":"https:\/\/gtloc.fr\/wp-content\/uploads\/2023\/12\/a5b61e9d7537489c8ce7cc003445f96f.jpg","type":"image\/jpeg"}],"twitter_card":"summary_large_image","twitter_misc":{"Dur\u00e9e de lecture estim\u00e9e":"2 minutes"},"schema":{"@context":"https:\/\/schema.org","@graph":[{"@type":"WebPage","@id":"https:\/\/gtloc.fr\/index.php\/produit\/nacelle-ciseaux-zs1012ac-12m\/","url":"https:\/\/gtloc.fr\/index.php\/produit\/nacelle-ciseaux-zs1012ac-12m\/","name":"Nacelle ciseaux ZS1012AC 12m - gtloc","isPartOf":{"@id":"https:\/\/gtloc.fr\/#website"},"primaryImageOfPage":{"@id":"https:\/\/gtloc.fr\/index.php\/produit\/nacelle-ciseaux-zs1012ac-12m\/#primaryimage"},"image":{"@id":"https:\/\/gtloc.fr\/index.php\/produit\/nacelle-ciseaux-zs1012ac-12m\/#primaryimage"},"thumbnailUrl":"https:\/\/gtloc.fr\/wp-content\/uploads\/2023\/12\/a5b61e9d7537489c8ce7cc003445f96f.jpg","datePublished":"2023-12-29T16:43:14+00:00","dateModified":"2024-01-24T08:57:09+00:00","description":"Nacelle ciseaux \u00e9lectrique de 12 m\u00e8tres, con\u00e7ue pour des travaux en hauteur avec pr\u00e9cision et s\u00e9curit\u00e9. Polyvalente et fiable, cette nacelle \u00e9lectrique offre une port\u00e9e sup\u00e9rieure pour vos besoins.","breadcrumb":{"@id":"https:\/\/gtloc.fr\/index.php\/produit\/nacelle-ciseaux-zs1012ac-12m\/#breadcrumb"},"inLanguage":"fr-FR","potentialAction":[{"@type":"ReadAction","target":["https:\/\/gtloc.fr\/index.php\/produit\/nacelle-ciseaux-zs1012ac-12m\/"]}]},{"@type":"ImageObject","inLanguage":"fr-FR","@id":"https:\/\/gtloc.fr\/index.php\/produit\/nacelle-ciseaux-zs1012ac-12m\/#primaryimage","url":"https:\/\/gtloc.fr\/wp-content\/uploads\/2023\/12\/a5b61e9d7537489c8ce7cc003445f96f.jpg","contentUrl":"https:\/\/gtloc.fr\/wp-content\/uploads\/2023\/12\/a5b61e9d7537489c8ce7cc003445f96f.jpg","width":490,"height":264},{"@type":"BreadcrumbList","@id":"https:\/\/gtloc.fr\/index.php\/produit\/nacelle-ciseaux-zs1012ac-12m\/#breadcrumb","itemListElement":[{"@type":"ListItem","position":1,"name":"Accueil","item":"https:\/\/gtloc.fr\/"},{"@type":"ListItem","position":2,"name":"Boutique","item":"https:\/\/gtloc.fr\/index.php\/boutique\/"},{"@type":"ListItem","position":3,"name":"Nacelle ciseaux ZS1012AC 12m"}]},{"@type":"WebSite","@id":"https:\/\/gtloc.fr\/#website","url":"https:\/\/gtloc.fr\/","name":"gtloc","description":"","publisher":{"@id":"https:\/\/gtloc.fr\/#organization"},"potentialAction":[{"@type":"SearchAction","target":{"@type":"EntryPoint","urlTemplate":"https:\/\/gtloc.fr\/?s={search_term_string}"},"query-input":{"@type":"PropertyValueSpecification","valueRequired":true,"valueName":"search_term_string"}}],"inLanguage":"fr-FR"},{"@type":"Organization","@id":"https:\/\/gtloc.fr\/#organization","name":"gtloc","url":"https:\/\/gtloc.fr\/","logo":{"@type":"ImageObject","inLanguage":"fr-FR","@id":"https:\/\/gtloc.fr\/#\/schema\/logo\/image\/","url":"https:\/\/gtloc.fr\/wp-content\/uploads\/2023\/09\/GT-Loc_logo_long-01-1-sans-fond.png","contentUrl":"https:\/\/gtloc.fr\/wp-content\/uploads\/2023\/09\/GT-Loc_logo_long-01-1-sans-fond.png","width":6193,"height":2953,"caption":"gtloc"},"image":{"@id":"https:\/\/gtloc.fr\/#\/schema\/logo\/image\/"}}]}},"_links":{"self":[{"href":"https:\/\/gtloc.fr\/index.php\/wp-json\/wp\/v2\/product\/1773","targetHints":{"allow":["GET"]}}],"collection":[{"href":"https:\/\/gtloc.fr\/index.php\/wp-json\/wp\/v2\/product"}],"about":[{"href":"https:\/\/gtloc.fr\/index.php\/wp-json\/wp\/v2\/types\/product"}],"version-history":[{"count":2,"href":"https:\/\/gtloc.fr\/index.php\/wp-json\/wp\/v2\/product\/1773\/revisions"}],"predecessor-version":[{"id":1778,"href":"https:\/\/gtloc.fr\/index.php\/wp-json\/wp\/v2\/product\/1773\/revisions\/1778"}],"wp:featuredmedia":[{"embeddable":true,"href":"https:\/\/gtloc.fr\/index.php\/wp-json\/wp\/v2\/media\/1776"}],"wp:attachment":[{"href":"https:\/\/gtloc.fr\/index.php\/wp-json\/wp\/v2\/media?parent=1773"}],"wp:term":[{"taxonomy":"product_brand","embeddable":true,"href":"https:\/\/gtloc.fr\/index.php\/wp-json\/wp\/v2\/product_brand?post=1773"},{"taxonomy":"product_cat","embeddable":true,"href":"https:\/\/gtloc.fr\/index.php\/wp-json\/wp\/v2\/product_cat?post=1773"},{"taxonomy":"product_tag","embeddable":true,"href":"https:\/\/gtloc.fr\/index.php\/wp-json\/wp\/v2\/product_tag?post=1773"}],"curies":[{"name":"wp","href":"https:\/\/api.w.org\/{rel}","templated":true}]}}